{"id":11131,"date":"2014-04-04T16:56:34","date_gmt":"2014-04-04T14:56:34","guid":{"rendered":"http:\/\/cardinal.swiftideas.com\/agency-demo-two\/?page_id=11131"},"modified":"2018-06-19T16:59:57","modified_gmt":"2018-06-19T14:59:57","slug":"about-us","status":"publish","type":"page","link":"http:\/\/movieguideme.com\/fr\/about-us\/","title":{"rendered":"About Us"},"content":{"rendered":"[spb_row element_name=\u00a0\u00bbRow\u00a0\u00bb wrap_type=\u00a0\u00bbfull-width\u00a0\u00bb row_bg_type=\u00a0\u00bbcolor\u00a0\u00bb row_bg_color=\u00a0\u00bb#ffffff\u00a0\u00bb bg_type=\u00a0\u00bbcover\u00a0\u00bb parallax_image_height=\u00a0\u00bbcontent-height\u00a0\u00bb parallax_image_movement=\u00a0\u00bbfixed\u00a0\u00bb parallax_image_speed=\u00a0\u00bb0.5&Prime; bg_video_loop=\u00a0\u00bbyes\u00a0\u00bb parallax_video_height=\u00a0\u00bbwindow-height\u00a0\u00bb row_id=\u00a0\u00bbmeettheteam\u00a0\u00bb row_name=\u00a0\u00bbmeettheteam\u00a0\u00bb parallax_video_overlay=\u00a0\u00bbnone\u00a0\u00bb row_overlay_opacity=\u00a0\u00bb0&Prime; remove_element_spacing=\u00a0\u00bbno\u00a0\u00bb row_col_pos=\u00a0\u00bbdefault\u00a0\u00bb width=\u00a0\u00bb1\/1&Prime; el_position=\u00a0\u00bbfirst last\u00a0\u00bb] [spb_text_block animation=\u00a0\u00bbnone\u00a0\u00bb animation_delay=\u00a0\u00bb0&Prime; simplified_controls=\u00a0\u00bbyes\u00a0\u00bb custom_css_percentage=\u00a0\u00bbno\u00a0\u00bb padding_vertical=\u00a0\u00bb0&Prime; padding_horizontal=\u00a0\u00bb20&Prime; margin_vertical=\u00a0\u00bb0&Prime; border_size=\u00a0\u00bb0&Prime; border_styling_global=\u00a0\u00bbdefault\u00a0\u00bb width=\u00a0\u00bb1\/1&Prime; el_position=\u00a0\u00bbfirst last\u00a0\u00bb]\n<h1 style=\"text-align: center;\"><span style=\"color: #333333;\">D\u00e9couvrez la\u00a0Team<\/span>\u00a0 <i class=\"ss-usergroup sf-icon sf-icon-float-none sf-icon-medium\" style=\"color: #18a69c;\"><\/i><\/h1>\n[\/spb_text_block] [spb_blank_spacer height=\u00a0\u00bb30px\u00a0\u00bb width=\u00a0\u00bb1\/6&Prime; el_position=\u00a0\u00bbfirst\u00a0\u00bb] [spb_team display_type=\u00a0\u00bbgallery\u00a0\u00bb carousel=\u00a0\u00bbno\u00a0\u00bb item_columns=\u00a0\u00bb3&Prime; item_count=\u00a0\u00bb9&Prime; category=\u00a0\u00bbcontributors, mgm-founder-members\u00a0\u00bb profile_link=\u00a0\u00bbyes\u00a0\u00bb pagination=\u00a0\u00bbno\u00a0\u00bb fullwidth=\u00a0\u00bbno\u00a0\u00bb gutters=\u00a0\u00bbyes\u00a0\u00bb order_by=\u00a0\u00bbnone\u00a0\u00bb order=\u00a0\u00bbDESC\u00a0\u00bb width=\u00a0\u00bb2\/3&Prime; el_position=\u00a0\u00bblast\u00a0\u00bb] [spb_blank_spacer height=\u00a0\u00bb30px\u00a0\u00bb width=\u00a0\u00bb1\/1&Prime; el_position=\u00a0\u00bbfirst last\u00a0\u00bb] [spb_text_block animation=\u00a0\u00bbnone\u00a0\u00bb animation_delay=\u00a0\u00bb0&Prime; simplified_controls=\u00a0\u00bbyes\u00a0\u00bb custom_css_percentage=\u00a0\u00bbno\u00a0\u00bb padding_vertical=\u00a0\u00bb0&Prime; padding_horizontal=\u00a0\u00bb0&Prime; margin_vertical=\u00a0\u00bb0&Prime; border_size=\u00a0\u00bb0&Prime; border_styling_global=\u00a0\u00bbdefault\u00a0\u00bb width=\u00a0\u00bb1\/1&Prime; el_position=\u00a0\u00bbfirst last\u00a0\u00bb]\n<p style=\"text-align: center;\"><a class=\"sf-button large accent default  sf-button-has-icon\" href=\"http:\/\/movieguideme.com\/fr\/contact\/\" target=\"_self\" rel=\"\"><span class=\"text\">Contactez Nous<\/span><i class=\"ss-mail\"><\/i><\/a>\n[\/spb_text_block] [\/spb_row] [spb_row element_name=\u00a0\u00bbRow\u00a0\u00bb wrap_type=\u00a0\u00bbstandard-width\u00a0\u00bb row_bg_type=\u00a0\u00bbimage\u00a0\u00bb color_row_height=\u00a0\u00bbcontent-height\u00a0\u00bb bg_image=\u00a0\u00bb15165&Prime; bg_type=\u00a0\u00bbcover\u00a0\u00bb parallax_image_height=\u00a0\u00bbcontent-height\u00a0\u00bb parallax_image_movement=\u00a0\u00bbfixed\u00a0\u00bb parallax_image_speed=\u00a0\u00bbstandard\u00a0\u00bb bg_video_loop=\u00a0\u00bbyes\u00a0\u00bb parallax_video_height=\u00a0\u00bbwindow-height\u00a0\u00bb row_responsive_vis=\u00a0\u00bbhidden-lg_hidden-md_hidden-xs\u00a0\u00bb row_top_style=\u00a0\u00bbnone\u00a0\u00bb row_bottom_style=\u00a0\u00bbnone\u00a0\u00bb parallax_video_overlay=\u00a0\u00bbnone\u00a0\u00bb row_overlay_opacity=\u00a0\u00bb0&Prime; remove_element_spacing=\u00a0\u00bbno\u00a0\u00bb row_col_spacing=\u00a0\u00bb0&Prime; row_col_pos=\u00a0\u00bbdefault\u00a0\u00bb row_col_equal_heights=\u00a0\u00bbno\u00a0\u00bb row_expanding=\u00a0\u00bbno\u00a0\u00bb row_animation=\u00a0\u00bbnone\u00a0\u00bb row_animation_delay=\u00a0\u00bb0&Prime; minimize_row=\u00a0\u00bbyes\u00a0\u00bb simplified_controls=\u00a0\u00bbyes\u00a0\u00bb custom_css_percentage=\u00a0\u00bbno\u00a0\u00bb custom_css=\u00a0\u00bbmargin-top: 0px;margin-bottom: 0px;\u00a0\u00bb border_styling_global=\u00a0\u00bbdefault\u00a0\u00bb width=\u00a0\u00bb1\/1&Prime; el_position=\u00a0\u00bbfirst last\u00a0\u00bb] [spb_blank_spacer height=\u00a0\u00bb75px\u00a0\u00bb width=\u00a0\u00bb1\/1&Prime; el_position=\u00a0\u00bbfirst last\u00a0\u00bb] [\/spb_row] [spb_row element_name=\u00a0\u00bbRow\u00a0\u00bb wrap_type=\u00a0\u00bbstandard-width\u00a0\u00bb row_bg_type=\u00a0\u00bbcolor\u00a0\u00bb row_bg_color=\u00a0\u00bb#ffffff\u00a0\u00bb color_row_height=\u00a0\u00bbcontent-height\u00a0\u00bb bg_type=\u00a0\u00bbcover\u00a0\u00bb parallax_image_height=\u00a0\u00bbcontent-height\u00a0\u00bb parallax_image_movement=\u00a0\u00bbfixed\u00a0\u00bb parallax_image_speed=\u00a0\u00bbstandard\u00a0\u00bb bg_video_loop=\u00a0\u00bbyes\u00a0\u00bb parallax_video_height=\u00a0\u00bbwindow-height\u00a0\u00bb row_responsive_vis=\u00a0\u00bbhidden-lg_hidden-md_hidden-xs\u00a0\u00bb row_id=\u00a0\u00bbdudechick\u00a0\u00bb row_name=\u00a0\u00bbdudechick\u00a0\u00bb row_top_style=\u00a0\u00bbnone\u00a0\u00bb row_bottom_style=\u00a0\u00bbnone\u00a0\u00bb parallax_video_overlay=\u00a0\u00bbnone\u00a0\u00bb row_overlay_opacity=\u00a0\u00bb0&Prime; remove_element_spacing=\u00a0\u00bbyes\u00a0\u00bb row_col_spacing=\u00a0\u00bb0&Prime; row_col_pos=\u00a0\u00bbdefault\u00a0\u00bb row_col_equal_heights=\u00a0\u00bbno\u00a0\u00bb row_expanding=\u00a0\u00bbno\u00a0\u00bb row_animation=\u00a0\u00bbnone\u00a0\u00bb row_animation_delay=\u00a0\u00bb0&Prime; minimize_row=\u00a0\u00bbyes\u00a0\u00bb simplified_controls=\u00a0\u00bbyes\u00a0\u00bb custom_css_percentage=\u00a0\u00bbno\u00a0\u00bb custom_css=\u00a0\u00bbmargin-top: 0px;margin-bottom: 0px;\u00a0\u00bb border_styling_global=\u00a0\u00bbdefault\u00a0\u00bb width=\u00a0\u00bb1\/1&Prime; el_position=\u00a0\u00bbfirst last\u00a0\u00bb] [spb_blank_spacer height=\u00a0\u00bb30px\u00a0\u00bb width=\u00a0\u00bb1\/1&Prime; el_position=\u00a0\u00bbfirst last\u00a0\u00bb] [spb_boxed_content type=\u00a0\u00bbcoloured\u00a0\u00bb custom_bg_colour=\u00a0\u00bb#ffffff\u00a0\u00bb custom_text_colour=\u00a0\u00bb#d71f4a\u00a0\u00bb box_link_target=\u00a0\u00bb_self\u00a0\u00bb padding_vertical=\u00a0\u00bb0&Prime; padding_horizontal=\u00a0\u00bb0&Prime; width=\u00a0\u00bb1\/1&Prime; el_position=\u00a0\u00bbfirst last\u00a0\u00bb]\n<h1 style=\"text-align: center;\"><span style=\"color: #d71f4a;\">LE CONCEPT.<\/span><\/h1>\n<h4 style=\"text-align: center;\"><\/h4>\n<h4 style=\"text-align: justify;\">Ce qui\u00a0rend MGM unique c&rsquo;est l&rsquo;ensemble de nos personnalit\u00e9s qui se rejoignent dans une m\u00eame vision originale. Cela se ressent dans les sujets que traitent nos films comme l&rsquo;handicap, le meurtre mais\u00a0toujours avec un ton\u00a0d\u00e9cal\u00e9. Ce ton se retrouve\u00a0forc\u00e9ment dans nos articles. On sait qu&rsquo;il y a une part de subjectivit\u00e9 dans nos critiques. Au lieu de pr\u00e9tendre qu&rsquo;elle n&rsquo;existe pas, on la met en avant avec un concept simple :<\/h4>\n[\/spb_boxed_content] [spb_boxed_content type=\u00a0\u00bbcoloured\u00a0\u00bb custom_bg_colour=\u00a0\u00bb#ffffff\u00a0\u00bb custom_text_colour=\u00a0\u00bb#d71f4a\u00a0\u00bb box_link_target=\u00a0\u00bb_self\u00a0\u00bb padding_vertical=\u00a0\u00bb0&Prime; padding_horizontal=\u00a0\u00bb0&Prime; width=\u00a0\u00bb1\/1&Prime; el_position=\u00a0\u00bbfirst last\u00a0\u00bb]\n<h1 style=\"text-align: center;\"><span style=\"text-decoration: underline;\"><a href=\"http:\/\/movieguideme.com\/fr\/dudechick\"><span style=\"color: #18a69c; text-decoration: underline;\">#DUDECHICK C&rsquo;est quoi ?\u00a0<\/span><\/a><\/span><\/h1>\n[\/spb_boxed_content] [spb_column col_sm=\u00a0\u00bb12&Prime; padding_horizontal=\u00a0\u00bb0&Prime; width=\u00a0\u00bb1\/1&Prime; el_position=\u00a0\u00bbfirst last\u00a0\u00bb] [spb_text_block animation=\u00a0\u00bbnone\u00a0\u00bb animation_delay=\u00a0\u00bb0&Prime; simplified_controls=\u00a0\u00bbyes\u00a0\u00bb custom_css_percentage=\u00a0\u00bbno\u00a0\u00bb padding_vertical=\u00a0\u00bb2&Prime; padding_horizontal=\u00a0\u00bb5&Prime; margin_vertical=\u00a0\u00bb0&Prime; border_size=\u00a0\u00bb0&Prime; border_styling_global=\u00a0\u00bbdefault\u00a0\u00bb width=\u00a0\u00bb1\/1&Prime; el_position=\u00a0\u00bbfirst last\u00a0\u00bb]\n<h4 style=\"text-align: justify;\">\u00ab\u00a0Dude\u00a0\u00bb veut dire \u00ab\u00a0mec\u00a0\u00bb en anglais et \u00ab\u00a0chick\u00a0\u00bb veut dire \u00ab\u00a0fille\u00a0\u00bb (et m\u00eame plut\u00f4t \u00ab\u00a0meuf\u00a0\u00bb). On partage un humour assez \u00ab\u00a0nerd\u00a0\u00bb, on aime jouer aux jeux vid\u00e9os, boire de la bi\u00e8re et nous marrer devant un film de Judd Apatow sans que l&rsquo;on soit pour autant des gar\u00e7ons manqu\u00e9s. En gros, c&rsquo;est un nouveau genre de nerd, le sexy nerd \ud83d\ude00<\/h4>\n<h4 style=\"text-align: justify;\">Dudechick, c&rsquo;est un univers qui se retrouve dans notre notation et qui correspond \u00e0 nos go\u00fbts. Pour tout savoir et tout comprendre, venez vous plonger dans notre concept un peu barr\u00e9!<\/h4>\n<h5 style=\"text-align: center;\"><a class=\"sf-button large accent default  dropshadow sf-button-has-icon\" href=\"http:\/\/movieguideme.com\/fr\/dudechick\" target=\"_blank\" rel=\"\"><span class=\"text\">DECOUVRIR<\/span><i class=\"fa-angellist\"><\/i><\/a><\/h5>\n<h3 style=\"text-align: center;\">\u00a0Voir les films <span style=\"text-decoration: underline;\"><span style=\"color: #18a69c;\"><a style=\"color: #18a69c; text-decoration: underline;\" href=\"http:\/\/movieguideme.com\/fr\/tag\/100dudechick\/\">100%<strong>#dudechick ici <\/strong><\/a><\/span><\/span>:<\/h3>\n<p style=\"text-align: center;\"><a href=\"http:\/\/movieguideme.com\/fr\/tag\/100dudechick\/\"><img loading=\"lazy\" decoding=\"async\" class=\"aligncenter wp-image-16135 size-full\" src=\"http:\/\/movieguideme.com\/wp-content\/uploads\/2014\/10\/Movie-Guide-Me-Logo-Dudechick-150x1501.png\" alt=\"Movie-Guide-Me-Logo-Dudechick-150x150\" width=\"150\" height=\"150\" \/><\/a><\/p>\n[\/spb_text_block] [\/spb_column] [spb_blank_spacer height=\u00a0\u00bb30px\u00a0\u00bb width=\u00a0\u00bb1\/1&Prime; el_position=\u00a0\u00bbfirst last\u00a0\u00bb] [\/spb_row] [spb_row element_name=\u00a0\u00bbRow\u00a0\u00bb wrap_type=\u00a0\u00bbstandard-width\u00a0\u00bb row_bg_type=\u00a0\u00bbimage\u00a0\u00bb color_row_height=\u00a0\u00bbcontent-height\u00a0\u00bb bg_image=\u00a0\u00bb15165&Prime; bg_type=\u00a0\u00bbcover\u00a0\u00bb parallax_image_height=\u00a0\u00bbcontent-height\u00a0\u00bb parallax_image_movement=\u00a0\u00bbfixed\u00a0\u00bb parallax_image_speed=\u00a0\u00bbstandard\u00a0\u00bb bg_video_loop=\u00a0\u00bbyes\u00a0\u00bb parallax_video_height=\u00a0\u00bbwindow-height\u00a0\u00bb row_responsive_vis=\u00a0\u00bbhidden-lg_hidden-md_hidden-xs\u00a0\u00bb row_top_style=\u00a0\u00bbnone\u00a0\u00bb row_bottom_style=\u00a0\u00bbnone\u00a0\u00bb parallax_video_overlay=\u00a0\u00bbnone\u00a0\u00bb row_overlay_opacity=\u00a0\u00bb0&Prime; remove_element_spacing=\u00a0\u00bbno\u00a0\u00bb row_col_spacing=\u00a0\u00bb0&Prime; row_col_pos=\u00a0\u00bbdefault\u00a0\u00bb row_col_equal_heights=\u00a0\u00bbno\u00a0\u00bb row_expanding=\u00a0\u00bbno\u00a0\u00bb row_animation=\u00a0\u00bbnone\u00a0\u00bb row_animation_delay=\u00a0\u00bb0&Prime; minimize_row=\u00a0\u00bbyes\u00a0\u00bb simplified_controls=\u00a0\u00bbyes\u00a0\u00bb custom_css_percentage=\u00a0\u00bbno\u00a0\u00bb custom_css=\u00a0\u00bbmargin-top: 0px;margin-bottom: 0px;\u00a0\u00bb border_styling_global=\u00a0\u00bbdefault\u00a0\u00bb width=\u00a0\u00bb1\/1&Prime; el_position=\u00a0\u00bbfirst last\u00a0\u00bb] [spb_blank_spacer height=\u00a0\u00bb75px\u00a0\u00bb width=\u00a0\u00bb1\/1&Prime; el_position=\u00a0\u00bbfirst last\u00a0\u00bb] [\/spb_row] [spb_row element_name=\u00a0\u00bbRow\u00a0\u00bb wrap_type=\u00a0\u00bbstandard-width\u00a0\u00bb row_bg_type=\u00a0\u00bbcolor\u00a0\u00bb row_bg_color=\u00a0\u00bb#ffffff\u00a0\u00bb color_row_height=\u00a0\u00bbcontent-height\u00a0\u00bb bg_type=\u00a0\u00bbcover\u00a0\u00bb parallax_image_height=\u00a0\u00bbcontent-height\u00a0\u00bb parallax_image_movement=\u00a0\u00bbfixed\u00a0\u00bb parallax_image_speed=\u00a0\u00bbstandard\u00a0\u00bb bg_video_loop=\u00a0\u00bbyes\u00a0\u00bb parallax_video_height=\u00a0\u00bbwindow-height\u00a0\u00bb row_responsive_vis=\u00a0\u00bbhidden-lg_hidden-md_hidden-xs\u00a0\u00bb row_top_style=\u00a0\u00bbnone\u00a0\u00bb row_bottom_style=\u00a0\u00bbnone\u00a0\u00bb parallax_video_overlay=\u00a0\u00bbnone\u00a0\u00bb row_overlay_opacity=\u00a0\u00bb0&Prime; remove_element_spacing=\u00a0\u00bbno\u00a0\u00bb row_col_spacing=\u00a0\u00bb0&Prime; row_col_pos=\u00a0\u00bbdefault\u00a0\u00bb row_col_equal_heights=\u00a0\u00bbno\u00a0\u00bb row_expanding=\u00a0\u00bbno\u00a0\u00bb row_animation=\u00a0\u00bbnone\u00a0\u00bb row_animation_delay=\u00a0\u00bb0&Prime; minimize_row=\u00a0\u00bbyes\u00a0\u00bb simplified_controls=\u00a0\u00bbyes\u00a0\u00bb custom_css_percentage=\u00a0\u00bbno\u00a0\u00bb custom_css=\u00a0\u00bbmargin-top: 0px;margin-bottom: 0px;\u00a0\u00bb border_styling_global=\u00a0\u00bbdefault\u00a0\u00bb width=\u00a0\u00bb1\/1&Prime; el_position=\u00a0\u00bbfirst last\u00a0\u00bb] [spb_text_block animation=\u00a0\u00bbnone\u00a0\u00bb animation_delay=\u00a0\u00bb0&Prime; simplified_controls=\u00a0\u00bbyes\u00a0\u00bb custom_css_percentage=\u00a0\u00bbno\u00a0\u00bb padding_vertical=\u00a0\u00bb5&Prime; padding_horizontal=\u00a0\u00bb7&Prime; margin_vertical=\u00a0\u00bb0&Prime; border_size=\u00a0\u00bb0&Prime; border_styling_global=\u00a0\u00bbdefault\u00a0\u00bb width=\u00a0\u00bb1\/3&Prime; el_position=\u00a0\u00bbfirst\u00a0\u00bb]\n<h2><span style=\"color: #18a69c;\">Qui sommes nous?<\/span><\/h2>\n<p style=\"text-align: justify;\"><span style=\"color: #333333;\">Movie Guide Me est une association \u00e0 but non lucratif soumise \u00e0 la loi de 1901 dont le si\u00e8ge est situ\u00e9e \u00e0 Paris. Son\u00a0principal but est d&rsquo;aider \u00e0 la production de projets audiovisuels. De mani\u00e8re g\u00e9n\u00e9rale, l&rsquo;association permet \u00e0 ses membres de partager leur passion du cin\u00e9ma \u00e0 travers <span style=\"color: #333333;\">la<\/span> <strong><a href=\"http:\/\/www.movieguideme.com\/fr\/prod\" target=\"_blank\" rel=\"noopener\"><span style=\"color: #d71f4a;\">production<\/span><\/a><\/strong><\/span> et <span style=\"color: #333333;\">le<\/span> <strong><a href=\"http:\/\/www.movieguideme.com\/fr\/blog\" target=\"_blank\" rel=\"noopener\"><span style=\"color: #d71f4a;\">blog<\/span><\/a><\/strong>. Elle est compos\u00e9e d&rsquo;une \u00e9quipe jeune, positive &amp; cin\u00e9phile d\u00e9sireuse de r\u00e9aliser des projets. Movie Guide Me donne la possibilit\u00e9 de les concr\u00e9tiser, n&rsquo;h\u00e9sitez pas \u00e0 nous faire signe si vous voulez\u00a0<span style=\"color: #d71f4a;\"><strong><a href=\"http:\/\/www.movieguideme.com\/fr\/nous-rejoindre\"><span style=\"color: #d71f4a;\">rejoindre<\/span><\/a><\/strong><span style=\"color: #333333;\"> l&rsquo;\u00e9quipe<\/span><\/span>!<\/p>\n[\/spb_text_block] [spb_text_block animation=\u00a0\u00bbnone\u00a0\u00bb animation_delay=\u00a0\u00bb0&Prime; simplified_controls=\u00a0\u00bbyes\u00a0\u00bb custom_css_percentage=\u00a0\u00bbno\u00a0\u00bb padding_vertical=\u00a0\u00bb5&Prime; padding_horizontal=\u00a0\u00bb7&Prime; margin_vertical=\u00a0\u00bb0&Prime; border_size=\u00a0\u00bb0&Prime; border_styling_global=\u00a0\u00bbdefault\u00a0\u00bb width=\u00a0\u00bb1\/3&Prime;]\n<h2><span style=\"color: #18a69c;\">Nos\u00a0comp\u00e9tences.<\/span><\/h2>\n<p style=\"text-align: justify;\"><span style=\"color: #333333;\">Movie Guide Me est compos\u00e9e de membres aux parcours et aux comp\u00e9tences diff\u00e9rentes et compl\u00e9mentaires. Qu&rsquo;ils soient simplement cin\u00e9philes ou professionnels, tout le monde apporte sa pierre \u00e0 l&rsquo;\u00e9difice et son expertise pour enrichir \u00a0\u00ab\u00a0l&rsquo;exp\u00e9rience Movie Guide Me\u00a0\u00bb. Notre approche est d&rsquo;avoir un ton d\u00e9contract\u00e9 et amical dans nos articles ou dans nos films\u00a0mais d&rsquo;\u00eatre totalement impliqu\u00e9es.\u00a0Nos comp\u00e9tences \u00e9voluent \u00e0 mesure qu&rsquo;augementent nos projets, cr\u00e9ant un cercle virtueux pour nous comme pour vous. Pour en savoir pus sur nous, cliquez sur nos profils ci-dessous.<\/span><\/p>\n[\/spb_text_block] [spb_text_block animation=\u00a0\u00bbnone\u00a0\u00bb animation_delay=\u00a0\u00bb0&Prime; simplified_controls=\u00a0\u00bbyes\u00a0\u00bb custom_css_percentage=\u00a0\u00bbno\u00a0\u00bb padding_vertical=\u00a0\u00bb8&Prime; padding_horizontal=\u00a0\u00bb8&Prime; margin_vertical=\u00a0\u00bb0&Prime; border_size=\u00a0\u00bb0&Prime; border_styling_global=\u00a0\u00bbdefault\u00a0\u00bb width=\u00a0\u00bb1\/3&Prime; el_position=\u00a0\u00bblast\u00a0\u00bb]\n<h2><span style=\"color: #18a69c;\">Ce que l&rsquo;on fait.<\/span><\/h2>\n<p style=\"text-align: justify;\"><span style=\"color: #333333;\">Dans <span style=\"color: #333333;\">le<\/span> <strong><a href=\"http:\/\/www.movieguideme.com\/fr\/blog\" target=\"_blank\" rel=\"noopener\"><span style=\"color: #d71f4a;\">Blog<\/span><\/a><\/strong><\/span><span style=\"color: #333333;\">, vous trouverez nos articles les plus r\u00e9cents sur les films qui viennent de sortir en salles, nos critiques, les news qui font le buzz. On recommande, on partage, like et retweet les infos comme si on conseillerait ou informerait un ami. Vous pouvez \u00e9galement suivre nos projets audiovisuels sur notre page<\/span>\u00a0<strong><a href=\"http:\/\/www.movieguideme.com\/fr\/prod\" target=\"_blank\" rel=\"noopener\"><span style=\"color: #d71f4a;\">Prod<\/span><\/a> <\/strong> <span style=\"color: #333333;\">de la pr\u00e9-production \u00e0 la post-production et la distribution. Amateurs &amp; jeunes <\/span><span style=\"color: #333333;\">talents,<\/span> <span style=\"color: #333333;\">Movie Guide Me<\/span> <strong><a href=\"http:\/\/www.movieguideme.com\/fr\/prod\" target=\"_blank\" rel=\"noopener\"><span style=\"color: #d71f4a;\">Prod<\/span><\/a><\/strong> est l&rsquo;endroit pour vous exprimer.<\/p>\n[\/spb_text_block] [\/spb_row] [spb_row element_name=\u00a0\u00bbRow\u00a0\u00bb wrap_type=\u00a0\u00bbstandard-width\u00a0\u00bb row_bg_type=\u00a0\u00bbimage\u00a0\u00bb color_row_height=\u00a0\u00bbcontent-height\u00a0\u00bb bg_image=\u00a0\u00bb15165&Prime; bg_type=\u00a0\u00bbcover\u00a0\u00bb parallax_image_height=\u00a0\u00bbcontent-height\u00a0\u00bb parallax_image_movement=\u00a0\u00bbfixed\u00a0\u00bb parallax_image_speed=\u00a0\u00bbstandard\u00a0\u00bb bg_video_loop=\u00a0\u00bbyes\u00a0\u00bb parallax_video_height=\u00a0\u00bbwindow-height\u00a0\u00bb row_responsive_vis=\u00a0\u00bbhidden-lg_hidden-md_hidden-xs\u00a0\u00bb row_top_style=\u00a0\u00bbnone\u00a0\u00bb row_bottom_style=\u00a0\u00bbnone\u00a0\u00bb parallax_video_overlay=\u00a0\u00bbnone\u00a0\u00bb row_overlay_opacity=\u00a0\u00bb0&Prime; remove_element_spacing=\u00a0\u00bbno\u00a0\u00bb row_col_spacing=\u00a0\u00bb0&Prime; row_col_pos=\u00a0\u00bbdefault\u00a0\u00bb row_col_equal_heights=\u00a0\u00bbno\u00a0\u00bb row_expanding=\u00a0\u00bbno\u00a0\u00bb row_animation=\u00a0\u00bbnone\u00a0\u00bb row_animation_delay=\u00a0\u00bb0&Prime; minimize_row=\u00a0\u00bbyes\u00a0\u00bb simplified_controls=\u00a0\u00bbyes\u00a0\u00bb custom_css_percentage=\u00a0\u00bbno\u00a0\u00bb custom_css=\u00a0\u00bbmargin-top: 0px;margin-bottom: 0px;\u00a0\u00bb border_styling_global=\u00a0\u00bbdefault\u00a0\u00bb width=\u00a0\u00bb1\/1&Prime; el_position=\u00a0\u00bbfirst last\u00a0\u00bb] [spb_blank_spacer height=\u00a0\u00bb75px\u00a0\u00bb width=\u00a0\u00bb1\/1&Prime; el_position=\u00a0\u00bbfirst last\u00a0\u00bb] [\/spb_row] [spb_row element_name=\u00a0\u00bbRow\u00a0\u00bb wrap_type=\u00a0\u00bbstandard-width\u00a0\u00bb row_bg_type=\u00a0\u00bbcolor\u00a0\u00bb color_row_height=\u00a0\u00bbcontent-height\u00a0\u00bb bg_type=\u00a0\u00bbcover\u00a0\u00bb parallax_image_height=\u00a0\u00bbcontent-height\u00a0\u00bb parallax_image_movement=\u00a0\u00bbfixed\u00a0\u00bb parallax_image_speed=\u00a0\u00bbstandard\u00a0\u00bb bg_video_loop=\u00a0\u00bbyes\u00a0\u00bb parallax_video_height=\u00a0\u00bbwindow-height\u00a0\u00bb row_responsive_vis=\u00a0\u00bbhidden-lg_hidden-md_hidden-xs\u00a0\u00bb row_top_style=\u00a0\u00bbnone\u00a0\u00bb row_bottom_style=\u00a0\u00bbnone\u00a0\u00bb parallax_video_overlay=\u00a0\u00bbnone\u00a0\u00bb row_overlay_opacity=\u00a0\u00bb0&Prime; remove_element_spacing=\u00a0\u00bbno\u00a0\u00bb row_col_spacing=\u00a0\u00bb0&Prime; row_col_pos=\u00a0\u00bbdefault\u00a0\u00bb row_col_equal_heights=\u00a0\u00bbno\u00a0\u00bb row_expanding=\u00a0\u00bbno\u00a0\u00bb row_animation=\u00a0\u00bbnone\u00a0\u00bb row_animation_delay=\u00a0\u00bb0&Prime; minimize_row=\u00a0\u00bbyes\u00a0\u00bb simplified_controls=\u00a0\u00bbyes\u00a0\u00bb custom_css_percentage=\u00a0\u00bbno\u00a0\u00bb custom_css=\u00a0\u00bbmargin-top: 0px;margin-bottom: 0px;\u00a0\u00bb border_styling_global=\u00a0\u00bbdefault\u00a0\u00bb width=\u00a0\u00bb1\/1&Prime; el_position=\u00a0\u00bbfirst last\u00a0\u00bb] [spb_text_block animation=\u00a0\u00bbnone\u00a0\u00bb animation_delay=\u00a0\u00bb0&Prime; simplified_controls=\u00a0\u00bbyes\u00a0\u00bb custom_css_percentage=\u00a0\u00bbno\u00a0\u00bb padding_vertical=\u00a0\u00bb0&Prime; padding_horizontal=\u00a0\u00bb20&Prime; margin_vertical=\u00a0\u00bb0&Prime; border_size=\u00a0\u00bb0&Prime; border_styling_global=\u00a0\u00bbdefault\u00a0\u00bb width=\u00a0\u00bb1\/1&Prime; el_position=\u00a0\u00bbfirst last\u00a0\u00bb]\n<h2 style=\"text-align: center;\"><span style=\"color: #333333;\">Restons connect\u00e9s !<\/span>\u00a0 <i class=\"ss-chat sf-icon sf-icon-float-none sf-icon-medium\" style=\"color: #d71f4a;\"><\/i><\/h2>\n[\/spb_text_block] [spb_blog_grid item_count=\u00a0\u00bb10&Prime; standard_columns=\u00a0\u00bb3&Prime; twitter_username=\u00a0\u00bbmovieguidemeFR\u00a0\u00bb instagram=\u00a0\u00bbyes\u00a0\u00bb fullwidth=\u00a0\u00bbyes\u00a0\u00bb width=\u00a0\u00bb1\/1&Prime; el_position=\u00a0\u00bbfirst last\u00a0\u00bb] [\/spb_row]\n","protected":false},"excerpt":{"rendered":"<p>[spb_row element_name=\u00a0\u00bbRow\u00a0\u00bb wrap_type=\u00a0\u00bbfull-width\u00a0\u00bb row_bg_type=\u00a0\u00bbcolor\u00a0\u00bb row_bg_color=\u00a0\u00bb#ffffff\u00a0\u00bb bg_type=\u00a0\u00bbcover\u00a0\u00bb parallax_image_height=\u00a0\u00bbcontent-height\u00a0\u00bb parallax_image_movement=\u00a0\u00bbfixed\u00a0\u00bb parallax_image_speed=\u00a0\u00bb0.5&Prime; bg_video_loop=\u00a0\u00bbyes\u00a0\u00bb parallax_video_height=\u00a0\u00bbwindow-height\u00a0\u00bb row_id=\u00a0\u00bbmeettheteam\u00a0\u00bb row_name=\u00a0\u00bbmeettheteam\u00a0\u00bb parallax_video_overlay=\u00a0\u00bbnone\u00a0\u00bb row_overlay_opacity=\u00a0\u00bb0&Prime; remove_element_spacing=\u00a0\u00bbno\u00a0\u00bb row_col_pos=\u00a0\u00bbdefault\u00a0\u00bb width=\u00a0\u00bb1\/1&Prime; el_position=\u00a0\u00bbfirst last\u00a0\u00bb] [spb_text_block animation=\u00a0\u00bbnone\u00a0\u00bb animation_delay=\u00a0\u00bb0&Prime; simplified_controls=\u00a0\u00bbyes\u00a0\u00bb custom_css_percentage=\u00a0\u00bbno\u00a0\u00bb padding_vertical=\u00a0\u00bb0&Prime; padding_horizontal=\u00a0\u00bb20&Prime; margin_vertical=\u00a0\u00bb0&Prime; border_size=\u00a0\u00bb0&Prime; border_styling_global=\u00a0\u00bbdefault\u00a0\u00bb width=\u00a0\u00bb1\/1&Prime; el_position=\u00a0\u00bbfirst last\u00a0\u00bb] D\u00e9couvrez la\u00a0Team\u00a0 [\/spb_text_block] [spb_blank_spacer height=\u00a0\u00bb30px\u00a0\u00bb width=\u00a0\u00bb1\/6&Prime; el_position=\u00a0\u00bbfirst\u00a0\u00bb] [spb_team display_type=\u00a0\u00bbgallery\u00a0\u00bb carousel=\u00a0\u00bbno\u00a0\u00bb item_columns=\u00a0\u00bb3&Prime; item_count=\u00a0\u00bb9&Prime; category=\u00a0\u00bbcontributors, mgm-founder-members\u00a0\u00bb profile_link=\u00a0\u00bbyes\u00a0\u00bb pagination=\u00a0\u00bbno\u00a0\u00bb fullwidth=\u00a0\u00bbno\u00a0\u00bb gutters=\u00a0\u00bbyes\u00a0\u00bb order_by=\u00a0\u00bbnone\u00a0\u00bb order=\u00a0\u00bbDESC\u00a0\u00bb width=\u00a0\u00bb2\/3&Prime; el_position=\u00a0\u00bblast\u00a0\u00bb] [spb_blank_spacer height=\u00a0\u00bb30px\u00a0\u00bb width=\u00a0\u00bb1\/1&Prime; el_position=\u00a0\u00bbfirst last\u00a0\u00bb] [&hellip;]<\/p>\n","protected":false},"author":2,"featured_media":0,"parent":0,"menu_order":0,"comment_status":"open","ping_status":"closed","template":"","meta":{"footnotes":""},"class_list":["post-11131","page","type-page","status-publish","hentry"],"_links":{"self":[{"href":"http:\/\/movieguideme.com\/fr\/wp-json\/wp\/v2\/pages\/11131","targetHints":{"allow":["GET"]}}],"collection":[{"href":"http:\/\/movieguideme.com\/fr\/wp-json\/wp\/v2\/pages"}],"about":[{"href":"http:\/\/movieguideme.com\/fr\/wp-json\/wp\/v2\/types\/page"}],"author":[{"embeddable":true,"href":"http:\/\/movieguideme.com\/fr\/wp-json\/wp\/v2\/users\/2"}],"replies":[{"embeddable":true,"href":"http:\/\/movieguideme.com\/fr\/wp-json\/wp\/v2\/comments?post=11131"}],"version-history":[{"count":51,"href":"http:\/\/movieguideme.com\/fr\/wp-json\/wp\/v2\/pages\/11131\/revisions"}],"predecessor-version":[{"id":21577,"href":"http:\/\/movieguideme.com\/fr\/wp-json\/wp\/v2\/pages\/11131\/revisions\/21577"}],"wp:attachment":[{"href":"http:\/\/movieguideme.com\/fr\/wp-json\/wp\/v2\/media?parent=11131"}],"curies":[{"name":"wp","href":"https:\/\/api.w.org\/{rel}","templated":true}]}}