{"id":11516,"date":"2014-05-07T17:17:32","date_gmt":"2014-05-07T15:17:32","guid":{"rendered":"http:\/\/cardinal.swiftideas.com\/magazine-demo\/?page_id=11516"},"modified":"2016-03-02T00:41:59","modified_gmt":"2016-03-01T23:41:59","slug":"contact","status":"publish","type":"page","link":"http:\/\/movieguideme.com\/fr\/contact\/","title":{"rendered":"Contact &#8211; Movie Guide Me"},"content":{"rendered":"[spb_row element_name=\u00a0\u00bbRow\u00a0\u00bb wrap_type=\u00a0\u00bbcontent-width\u00a0\u00bb row_bg_type=\u00a0\u00bbimage\u00a0\u00bb bg_image=\u00a0\u00bb15051&Prime; bg_type=\u00a0\u00bbcover\u00a0\u00bb parallax_image_height=\u00a0\u00bbcontent-height\u00a0\u00bb parallax_image_movement=\u00a0\u00bbfixed\u00a0\u00bb parallax_image_speed=\u00a0\u00bb0.5&Prime; bg_video_loop=\u00a0\u00bbyes\u00a0\u00bb parallax_video_height=\u00a0\u00bbwindow-height\u00a0\u00bb parallax_video_overlay=\u00a0\u00bbnone\u00a0\u00bb row_overlay_opacity=\u00a0\u00bb0&Prime; row_padding_vertical=\u00a0\u00bb70&Prime; row_margin_vertical=\u00a0\u00bb0&Prime; remove_element_spacing=\u00a0\u00bbno\u00a0\u00bb vertical_center=\u00a0\u00bbtrue\u00a0\u00bb row_expanding=\u00a0\u00bbno\u00a0\u00bb row_animation=\u00a0\u00bbnone\u00a0\u00bb row_animation_delay=\u00a0\u00bb0&Prime; width=\u00a0\u00bb1\/1&Prime; el_position=\u00a0\u00bbfirst last\u00a0\u00bb] [spb_icon_box title=\u00a0\u00bbTweetez Nous\u00a0\u00bb box_type=\u00a0\u00bbboxed-three\u00a0\u00bb icon=\u00a0\u00bbfa-twitter\u00a0\u00bb animate_svg=\u00a0\u00bbno\u00a0\u00bb target=\u00a0\u00bb_self\u00a0\u00bb animation=\u00a0\u00bbpop-up\u00a0\u00bb animation_delay=\u00a0\u00bb200&Prime; animated_box_style=\u00a0\u00bbcoloured\u00a0\u00bb animated_box_rounded=\u00a0\u00bbyes\u00a0\u00bb width=\u00a0\u00bb1\/3&Prime; el_position=\u00a0\u00bbfirst\u00a0\u00bb]\n<p style=\"text-align: center;\">Tweetez nous\u00a0<a href=\"https:\/\/twitter.com\/movieguideme\" target=\"_blank\">@movieguideme<\/a><\/p>\n[\/spb_icon_box] [spb_icon_box title=\u00a0\u00bbEnvoyez nous un mail\u00a0\u00bb box_type=\u00a0\u00bbboxed-three\u00a0\u00bb icon=\u00a0\u00bbss-mail\u00a0\u00bb animate_svg=\u00a0\u00bbno\u00a0\u00bb target=\u00a0\u00bb_self\u00a0\u00bb animation=\u00a0\u00bbpop-up\u00a0\u00bb animation_delay=\u00a0\u00bb600&Prime; animated_box_style=\u00a0\u00bbcoloured\u00a0\u00bb animated_box_rounded=\u00a0\u00bbyes\u00a0\u00bb width=\u00a0\u00bb1\/3&Prime;]\n<p style=\"text-align: center;\">Email contact.info[@]movieguideme.com<\/p>\n[\/spb_icon_box] [spb_icon_box title=\u00a0\u00bbLaissez nous un commentaire\u00a0\u00bb box_type=\u00a0\u00bbboxed-three\u00a0\u00bb icon=\u00a0\u00bbfa-facebook\u00a0\u00bb animate_svg=\u00a0\u00bbno\u00a0\u00bb target=\u00a0\u00bb_self\u00a0\u00bb animation=\u00a0\u00bbpop-up\u00a0\u00bb animation_delay=\u00a0\u00bb1000&Prime; animated_box_style=\u00a0\u00bbcoloured\u00a0\u00bb animated_box_rounded=\u00a0\u00bbyes\u00a0\u00bb width=\u00a0\u00bb1\/3&Prime; el_position=\u00a0\u00bblast\u00a0\u00bb]\n<p style=\"text-align: center;\"><a href=\"https:\/\/www.facebook.com\/movieguideme\" target=\"_blank\">sur notre page\u00a0facebook !<\/a><\/p>\n[\/spb_icon_box] [\/spb_row] [spb_blank_spacer height=\u00a0\u00bb40px\u00a0\u00bb width=\u00a0\u00bb1\/1&Prime; el_position=\u00a0\u00bbfirst last\u00a0\u00bb] [spb_text_block animation=\u00a0\u00bbnone\u00a0\u00bb animation_delay=\u00a0\u00bb0&Prime; padding_vertical=\u00a0\u00bb0&Prime; padding_horizontal=\u00a0\u00bb15&Prime; width=\u00a0\u00bb1\/1&Prime; el_position=\u00a0\u00bbfirst last\u00a0\u00bb]\n<h1 style=\"text-align: center;\"><span style=\"color: #000000;\">Cr\u00e9ez le contact, laissez nous un message.<\/span><\/h1>\n<p style=\"text-align: center;\"><span style=\"color: #000000;\"><div class=\"horizontal-break bold\"> <\/div><\/span><\/p>\n<h3 style=\"text-align: center;\">On est une bande sympa, n&rsquo;h\u00e9sitez pas \u00e0 nous laisser un message; que ce soit pour un projet, une suggestion ou devenir membre ! Si vous d\u00e9cidez de nous laisser un message nous ferons de notre mieux pour r\u00e9pondre sous 24 heures. Passez une bonne journ\u00e9e!<\/h3>\n[\/spb_text_block] [spb_text_block animation=\u00a0\u00bbnone\u00a0\u00bb animation_delay=\u00a0\u00bb0&Prime; padding_vertical=\u00a0\u00bb0&Prime; padding_horizontal=\u00a0\u00bb0&Prime; width=\u00a0\u00bb3\/4&Prime; el_position=\u00a0\u00bbfirst\u00a0\u00bb]\n<p><span style=\"color: #333333;\">\n<div class=\"wpcf7 no-js\" id=\"wpcf7-f11534-o1\" lang=\"en-US\" dir=\"ltr\">\n<div class=\"screen-reader-response\"><p role=\"status\" aria-live=\"polite\" aria-atomic=\"true\"><\/p> <ul><\/ul><\/div>\n<form action=\"\/fr\/wp-json\/wp\/v2\/pages\/11516#wpcf7-f11534-o1\" method=\"post\" class=\"wpcf7-form init\" aria-label=\"Contact form\" novalidate=\"novalidate\" data-status=\"init\">\n<div style=\"display: none;\">\n<input type=\"hidden\" name=\"_wpcf7\" value=\"11534\" \/>\n<input type=\"hidden\" name=\"_wpcf7_version\" value=\"5.7.7\" \/>\n<input type=\"hidden\" name=\"_wpcf7_locale\" value=\"en_US\" \/>\n<input type=\"hidden\" name=\"_wpcf7_unit_tag\" value=\"wpcf7-f11534-o1\" \/>\n<input type=\"hidden\" name=\"_wpcf7_container_post\" value=\"0\" \/>\n<input type=\"hidden\" name=\"_wpcf7_posted_data_hash\" value=\"\" \/>\n<input type=\"hidden\" name=\"_wpcf7_recaptcha_response\" value=\"\" \/>\n<\/div>\n<p>Votre Nom (required)\n<\/p>\n<p><span class=\"wpcf7-form-control-wrap\" data-name=\"your-name\"><input size=\"40\" class=\"wpcf7-form-control wpcf7-text wpcf7-validates-as-required\" aria-required=\"true\" aria-invalid=\"false\" value=\"\" type=\"text\" name=\"your-name\" \/><\/span>\n<\/p>\n<p>Votre Email (required)\n<\/p>\n<p><span class=\"wpcf7-form-control-wrap\" data-name=\"your-email\"><input size=\"40\" class=\"wpcf7-form-control wpcf7-text wpcf7-email wpcf7-validates-as-required wpcf7-validates-as-email\" aria-required=\"true\" aria-invalid=\"false\" value=\"\" type=\"email\" name=\"your-email\" \/><\/span>\n<\/p>\n<p>Sujet\n<\/p>\n<p><span class=\"wpcf7-form-control-wrap\" data-name=\"your-subject\"><input size=\"40\" class=\"wpcf7-form-control wpcf7-text\" aria-invalid=\"false\" value=\"\" type=\"text\" name=\"your-subject\" \/><\/span>\n<\/p>\n<p>Votre Message\n<\/p>\n<p><span class=\"wpcf7-form-control-wrap\" data-name=\"your-message\"><textarea cols=\"40\" rows=\"10\" class=\"wpcf7-form-control wpcf7-textarea\" aria-invalid=\"false\" name=\"your-message\"><\/textarea><\/span>\n<\/p>\n<p><input class=\"wpcf7-form-control has-spinner wpcf7-submit\" type=\"submit\" value=\"Envoyer\" \/>\n<\/p><p style=\"display: none !important;\" class=\"akismet-fields-container\" data-prefix=\"_wpcf7_ak_\"><label>&#916;<textarea name=\"_wpcf7_ak_hp_textarea\" cols=\"45\" rows=\"8\" maxlength=\"100\"><\/textarea><\/label><input type=\"hidden\" id=\"ak_js_1\" name=\"_wpcf7_ak_js\" value=\"101\"\/><script>document.getElementById( \"ak_js_1\" ).setAttribute( \"value\", ( new Date() ).getTime() );<\/script><\/p><div class=\"wpcf7-response-output\" aria-hidden=\"true\"><\/div>\n<\/form>\n<\/div>\n<\/span><\/p>\n[\/spb_text_block] [spb_text_block animation=\u00a0\u00bbmove-up\u00a0\u00bb animation_delay=\u00a0\u00bb0&Prime; padding_vertical=\u00a0\u00bb0&Prime; padding_horizontal=\u00a0\u00bb0&Prime; width=\u00a0\u00bb1\/4&Prime; el_position=\u00a0\u00bblast\u00a0\u00bb]\n<h2 class=\"mt0\"><\/h2>\n<h3><\/h3>\n<h2><span style=\"color: #18a69c;\">R\u00e9seaux Sociaux<\/span><\/h2>\n<ul class=\"social-icons large \">\n<li class=\"twitter\"><a href=\"http:\/\/www.twitter.com\/movieguidemeFR\" target=\"_blank\"><i class=\"fab fa-twitter\"><\/i><i class=\"fab fa-twitter\"><\/i><\/a><\/li>\n<li class=\"facebook\"><a href=\"https:\/\/www.facebook.com\/movieguideme\" target=\"_blank\"><i class=\"fab fa-facebook\"><\/i><i class=\"fab fa-facebook\"><\/i><\/a><\/li>\n<li class=\"youtube\"><a href=\"http:\/\/www.youtube.com\/user\/movieguideme\/\" target=\"_blank\"><i class=\"fab fa-youtube\"><\/i><i class=\"fab fa-youtube\"><\/i><\/a><\/li>\n<li class=\"linkedin\"><a href=\"https:\/\/www.linkedin.com\/company\/movie-guide-me-a-franco-american-film-association\" target=\"_blank\"><i class=\"fab fa-linkedin\"><\/i><i class=\"fab fa-linkedin\"><\/i><\/a><\/li>\n<li class=\"pinterest\"><a href=\"http:\/\/www.pinterest.com\/movieguideme\/\" target=\"_blank\"><i class=\"fab fa-pinterest\"><\/i><i class=\"fab fa-pinterest\"><\/i><\/a><\/li>\n<li class=\"instagram\"><a href=\"http:\/\/instagram.com\/movieguideme\" target=\"_blank\"><i class=\"fab fa-instagram\"><\/i><i class=\"fab fa-instagram\"><\/i><\/a><\/li>\n<li class=\"rss\"><a href=\"?feed=rss2\" target=\"_blank\"><i class=\"fas fa-rss\"><\/i><i class=\"fas fa-rss\"><\/i><\/a><\/li>\n<\/ul>\n\n[\/spb_text_block]\n","protected":false},"excerpt":{"rendered":"<p>[spb_row element_name=\u00a0\u00bbRow\u00a0\u00bb wrap_type=\u00a0\u00bbcontent-width\u00a0\u00bb row_bg_type=\u00a0\u00bbimage\u00a0\u00bb bg_image=\u00a0\u00bb15051&Prime; bg_type=\u00a0\u00bbcover\u00a0\u00bb parallax_image_height=\u00a0\u00bbcontent-height\u00a0\u00bb parallax_image_movement=\u00a0\u00bbfixed\u00a0\u00bb parallax_image_speed=\u00a0\u00bb0.5&Prime; bg_video_loop=\u00a0\u00bbyes\u00a0\u00bb parallax_video_height=\u00a0\u00bbwindow-height\u00a0\u00bb parallax_video_overlay=\u00a0\u00bbnone\u00a0\u00bb row_overlay_opacity=\u00a0\u00bb0&Prime; row_padding_vertical=\u00a0\u00bb70&Prime; row_margin_vertical=\u00a0\u00bb0&Prime; remove_element_spacing=\u00a0\u00bbno\u00a0\u00bb vertical_center=\u00a0\u00bbtrue\u00a0\u00bb row_expanding=\u00a0\u00bbno\u00a0\u00bb row_animation=\u00a0\u00bbnone\u00a0\u00bb row_animation_delay=\u00a0\u00bb0&Prime; width=\u00a0\u00bb1\/1&Prime; el_position=\u00a0\u00bbfirst last\u00a0\u00bb] [spb_icon_box title=\u00a0\u00bbTweetez Nous\u00a0\u00bb box_type=\u00a0\u00bbboxed-three\u00a0\u00bb icon=\u00a0\u00bbfa-twitter\u00a0\u00bb animate_svg=\u00a0\u00bbno\u00a0\u00bb target=\u00a0\u00bb_self\u00a0\u00bb animation=\u00a0\u00bbpop-up\u00a0\u00bb animation_delay=\u00a0\u00bb200&Prime; animated_box_style=\u00a0\u00bbcoloured\u00a0\u00bb animated_box_rounded=\u00a0\u00bbyes\u00a0\u00bb width=\u00a0\u00bb1\/3&Prime; el_position=\u00a0\u00bbfirst\u00a0\u00bb] Tweetez nous\u00a0@movieguideme [\/spb_icon_box] [spb_icon_box title=\u00a0\u00bbEnvoyez nous un mail\u00a0\u00bb box_type=\u00a0\u00bbboxed-three\u00a0\u00bb icon=\u00a0\u00bbss-mail\u00a0\u00bb animate_svg=\u00a0\u00bbno\u00a0\u00bb target=\u00a0\u00bb_self\u00a0\u00bb animation=\u00a0\u00bbpop-up\u00a0\u00bb animation_delay=\u00a0\u00bb600&Prime; animated_box_style=\u00a0\u00bbcoloured\u00a0\u00bb animated_box_rounded=\u00a0\u00bbyes\u00a0\u00bb width=\u00a0\u00bb1\/3&Prime;] Email contact.info[@]movieguideme.com [\/spb_icon_box] [spb_icon_box title=\u00a0\u00bbLaissez nous un [&hellip;]<\/p>\n","protected":false},"author":2,"featured_media":13784,"parent":0,"menu_order":0,"comment_status":"open","ping_status":"closed","template":"","meta":{"footnotes":""},"class_list":["post-11516","page","type-page","status-publish","has-post-thumbnail","hentry"],"_links":{"self":[{"href":"http:\/\/movieguideme.com\/fr\/wp-json\/wp\/v2\/pages\/11516","targetHints":{"allow":["GET"]}}],"collection":[{"href":"http:\/\/movieguideme.com\/fr\/wp-json\/wp\/v2\/pages"}],"about":[{"href":"http:\/\/movieguideme.com\/fr\/wp-json\/wp\/v2\/types\/page"}],"author":[{"embeddable":true,"href":"http:\/\/movieguideme.com\/fr\/wp-json\/wp\/v2\/users\/2"}],"replies":[{"embeddable":true,"href":"http:\/\/movieguideme.com\/fr\/wp-json\/wp\/v2\/comments?post=11516"}],"version-history":[{"count":5,"href":"http:\/\/movieguideme.com\/fr\/wp-json\/wp\/v2\/pages\/11516\/revisions"}],"predecessor-version":[{"id":21112,"href":"http:\/\/movieguideme.com\/fr\/wp-json\/wp\/v2\/pages\/11516\/revisions\/21112"}],"wp:featuredmedia":[{"embeddable":true,"href":"http:\/\/movieguideme.com\/fr\/wp-json\/"}],"wp:attachment":[{"href":"http:\/\/movieguideme.com\/fr\/wp-json\/wp\/v2\/media?parent=11516"}],"curies":[{"name":"wp","href":"https:\/\/api.w.org\/{rel}","templated":true}]}}