{"id":12434,"date":"2014-07-30T10:27:10","date_gmt":"2014-07-30T08:27:10","guid":{"rendered":"http:\/\/movieguideme.com\/?page_id=12434"},"modified":"2014-10-29T12:31:52","modified_gmt":"2014-10-29T12:31:52","slug":"faire-un-don","status":"publish","type":"page","link":"http:\/\/movieguideme.com\/fr\/faire-un-don\/","title":{"rendered":"Faire un Don"},"content":{"rendered":"[spb_row wrap_type=\u00a0\u00bbcontent-width\u00a0\u00bb row_bg_type=\u00a0\u00bbcolor\u00a0\u00bb bg_type=\u00a0\u00bbcover\u00a0\u00bb parallax_image_height=\u00a0\u00bbcontent-height\u00a0\u00bb parallax_image_movement=\u00a0\u00bbfixed\u00a0\u00bb parallax_image_speed=\u00a0\u00bb0.5&Prime; parallax_video_height=\u00a0\u00bbwindow-height\u00a0\u00bb parallax_video_overlay=\u00a0\u00bbnone\u00a0\u00bb row_overlay_opacity=\u00a0\u00bb0&Prime; row_padding_vertical=\u00a0\u00bb0&Prime; row_margin_vertical=\u00a0\u00bb0&Prime; remove_element_spacing=\u00a0\u00bbyes\u00a0\u00bb vertical_center=\u00a0\u00bbfalse\u00a0\u00bb row_expanding=\u00a0\u00bbno\u00a0\u00bb row_animation=\u00a0\u00bbnone\u00a0\u00bb row_animation_delay=\u00a0\u00bb0&Prime; row_id=\u00a0\u00bbensavoirplus\u00a0\u00bb row_name=\u00a0\u00bbensavoirplus\u00a0\u00bb width=\u00a0\u00bb1\/1&Prime; el_position=\u00a0\u00bbfirst last\u00a0\u00bb] [spb_blank_spacer height=\u00a0\u00bb30px\u00a0\u00bb width=\u00a0\u00bb1\/1&Prime; el_position=\u00a0\u00bbfirst last\u00a0\u00bb] [spb_icon_box box_type=\u00a0\u00bbleft-icon-alt\u00a0\u00bb icon=\u00a0\u00bbss-video\u00a0\u00bb target=\u00a0\u00bb_self\u00a0\u00bb animation=\u00a0\u00bbfade-from-bottom\u00a0\u00bb animation_delay=\u00a0\u00bb0&Prime; icon_color=\u00a0\u00bb#d71f4a\u00a0\u00bb width=\u00a0\u00bb1\/3&Prime; el_position=\u00a0\u00bbfirst\u00a0\u00bb]\n<h3 style=\"text-align: left;\">Les projets de l&rsquo;association<\/h3>\n<p>Les projets comme les court-m\u00e9trages demandent beaucoup d&rsquo;effort d&rsquo;\u00e9quipe, de mat\u00e9riel pour de meilleurs r\u00e9sultats. Votre aide contribuera \u00e0 rendre ces projets r\u00e9alisables.<\/p>\n[\/spb_icon_box] [spb_icon_box box_type=\u00a0\u00bbleft-icon-alt\u00a0\u00bb icon=\u00a0\u00bbfa-film\u00a0\u00bb target=\u00a0\u00bb_self\u00a0\u00bb animation=\u00a0\u00bbfade-from-bottom\u00a0\u00bb animation_delay=\u00a0\u00bb0&Prime; icon_color=\u00a0\u00bb#d71f4a\u00a0\u00bb width=\u00a0\u00bb1\/3&Prime;]\n<h3 style=\"text-align: left;\">Comment vous remercier<\/h3>\n<p>Comme votre don est directement li\u00e9 au succ\u00e8s des projets Movie Guide Me, si vous participez \u00e0 la production, votre nom sera mis au g\u00e9n\u00e9rique du film que vous avez aid\u00e9 \u00e0 produire.<\/p>\n[\/spb_icon_box] [spb_icon_box box_type=\u00a0\u00bbleft-icon-alt\u00a0\u00bb icon=\u00a0\u00bbfa-codepen\u00a0\u00bb target=\u00a0\u00bb_self\u00a0\u00bb animation=\u00a0\u00bbfade-from-bottom\u00a0\u00bb animation_delay=\u00a0\u00bb0&Prime; icon_color=\u00a0\u00bb#d71f4a\u00a0\u00bb width=\u00a0\u00bb1\/3&Prime; el_position=\u00a0\u00bblast\u00a0\u00bb]\n<h3 style=\"text-align: left;\">Le Respect de l&rsquo;utilisation de vos dons<\/h3>\n<p>Faire un don est une marque de confiance en ce que nous sommes et surtout dans ce que nous pouvons devenir. Conscients de ce que repr\u00e9sente un geste aussi g\u00e9n\u00e9reux, nous nous engageons \u00e0 ce que chaque don soit utilis\u00e9\u00a0avec transparence.<\/p>\n[\/spb_icon_box] [spb_icon_box box_type=\u00a0\u00bbleft-icon-alt\u00a0\u00bb icon=\u00a0\u00bbss-film\u00a0\u00bb target=\u00a0\u00bb_self\u00a0\u00bb animation=\u00a0\u00bbfade-from-bottom\u00a0\u00bb animation_delay=\u00a0\u00bb0&Prime; icon_color=\u00a0\u00bb#d71f4a\u00a0\u00bb width=\u00a0\u00bb1\/3&Prime; el_position=\u00a0\u00bbfirst\u00a0\u00bb]\n<h3 style=\"text-align: left;\"><span style=\"color: #333333;\">Concr\u00e8tement&#8230;<\/span><\/h3>\n<p>Movie Guide Me Prod a besoin de mat\u00e9riel technique depuis\u00a0le d\u00e9veloppement jusqu&rsquo;\u00e0 la post-production de ses projets audiovisuels. L&rsquo;argent r\u00e9colt\u00e9 nous permettra de louer du mat\u00e9riel vid\u00e9o, audio et les frais des tournages et de montage.<\/p>\n[\/spb_icon_box] [spb_icon_box box_type=\u00a0\u00bbleft-icon-alt\u00a0\u00bb icon=\u00a0\u00bbss-mouse\u00a0\u00bb target=\u00a0\u00bb_self\u00a0\u00bb animation=\u00a0\u00bbfade-from-bottom\u00a0\u00bb animation_delay=\u00a0\u00bb0&Prime; icon_color=\u00a0\u00bb#d71f4a\u00a0\u00bb width=\u00a0\u00bb1\/3&Prime;]\n<h3 style=\"text-align: left;\"><span style=\"color: #333333;\">Le soutien quotidien des besoins op\u00e9rationnels<\/span><\/h3>\n<p>Votre contribution aidera aussi Movie Guide Me \u00e0 maintenir\u00a0la\u00a0qualit\u00e9 du contenu, la maintenance du site internet et \u00e9galement l&rsquo;organisation et le\u00a0fonctionnement de l&rsquo;association elle-m\u00eame.<\/p>\n[\/spb_icon_box] [spb_icon_box box_type=\u00a0\u00bbleft-icon-alt\u00a0\u00bb icon=\u00a0\u00bbss-like\u00a0\u00bb target=\u00a0\u00bb_self\u00a0\u00bb animation=\u00a0\u00bbfade-from-bottom\u00a0\u00bb animation_delay=\u00a0\u00bb0&Prime; icon_color=\u00a0\u00bb#d71f4a\u00a0\u00bb width=\u00a0\u00bb1\/3&Prime; el_position=\u00a0\u00bblast\u00a0\u00bb]\n<h3 style=\"text-align: left;\">C&rsquo;est s\u00e9curis\u00e9<\/h3>\n<p>La transaction se fait via PayPal, vous n&rsquo;avez donc aucun souci \u00e0 vous faire.<\/p>\n<p>Pour toute question, n&rsquo;h\u00e9sitez pas \u00e0 <span style=\"color: #d71f4a;\"><a target=\"_blank\" href=\"http:\/\/movieguideme.com\/fr\/contact\/\">nous contacter<\/a><\/span>.<\/p>\n[\/spb_icon_box] [\/spb_row] [spb_row wrap_type=\u00a0\u00bbcontent-width\u00a0\u00bb row_bg_type=\u00a0\u00bbcolor\u00a0\u00bb bg_type=\u00a0\u00bbcover\u00a0\u00bb parallax_image_height=\u00a0\u00bbcontent-height\u00a0\u00bb parallax_image_movement=\u00a0\u00bbfixed\u00a0\u00bb parallax_image_speed=\u00a0\u00bb0.5&Prime; parallax_video_height=\u00a0\u00bbwindow-height\u00a0\u00bb parallax_video_overlay=\u00a0\u00bbnone\u00a0\u00bb row_overlay_opacity=\u00a0\u00bb0&Prime; row_padding_vertical=\u00a0\u00bb0&Prime; row_margin_vertical=\u00a0\u00bb0&Prime; remove_element_spacing=\u00a0\u00bbno\u00a0\u00bb vertical_center=\u00a0\u00bbtrue\u00a0\u00bb row_expanding=\u00a0\u00bbno\u00a0\u00bb row_animation=\u00a0\u00bbnone\u00a0\u00bb row_animation_delay=\u00a0\u00bb0&Prime; row_id=\u00a0\u00bbfaireundon\u00a0\u00bb row_name=\u00a0\u00bbfaireundon\u00a0\u00bb width=\u00a0\u00bb1\/1&Prime; el_position=\u00a0\u00bbfirst last\u00a0\u00bb] [spb_blank_spacer height=\u00a0\u00bb30px\u00a0\u00bb width=\u00a0\u00bb1\/1&Prime; el_position=\u00a0\u00bbfirst last\u00a0\u00bb] [spb_blank_spacer height=\u00a0\u00bb30px\u00a0\u00bb width=\u00a0\u00bb1\/1&Prime; el_position=\u00a0\u00bbfirst last\u00a0\u00bb] [spb_text_block animation=\u00a0\u00bbnone\u00a0\u00bb animation_delay=\u00a0\u00bb0&Prime; padding_vertical=\u00a0\u00bb0&Prime; padding_horizontal=\u00a0\u00bb0&Prime; width=\u00a0\u00bb1\/2&Prime; el_position=\u00a0\u00bbfirst\u00a0\u00bb]\n<h1 style=\"text-align: center;\"><span style=\"color: #d71f4a;\">FAIRE UN DON<\/span><\/h1>\n<h1 style=\"text-align: center;\"><span style=\"color: #d71f4a;\">Faites un don en toute s\u00e9curit\u00e9 ici<\/span><\/h1>\n<h1 style=\"text-align: center;\"><span style=\"color: #d71f4a;\">via Paypal<\/span><\/h1>\n<h2 style=\"text-align: center;\"><i class=\"fa-arrow-right sf-icon sf-icon-float-none sf-icon-medium\" style=\"color: #d71f4a;\"><\/i><\/h2>\n[\/spb_text_block] [spb_widget_area sidebar_id=\u00a0\u00bbsidebar-7&Prime; width=\u00a0\u00bb1\/2&Prime; el_position=\u00a0\u00bblast\u00a0\u00bb] [\/spb_row]\n","protected":false},"excerpt":{"rendered":"<p>[spb_row wrap_type=\u00a0\u00bbcontent-width\u00a0\u00bb row_bg_type=\u00a0\u00bbcolor\u00a0\u00bb bg_type=\u00a0\u00bbcover\u00a0\u00bb parallax_image_height=\u00a0\u00bbcontent-height\u00a0\u00bb parallax_image_movement=\u00a0\u00bbfixed\u00a0\u00bb parallax_image_speed=\u00a0\u00bb0.5&Prime; parallax_video_height=\u00a0\u00bbwindow-height\u00a0\u00bb parallax_video_overlay=\u00a0\u00bbnone\u00a0\u00bb row_overlay_opacity=\u00a0\u00bb0&Prime; row_padding_vertical=\u00a0\u00bb0&Prime; row_margin_vertical=\u00a0\u00bb0&Prime; remove_element_spacing=\u00a0\u00bbyes\u00a0\u00bb vertical_center=\u00a0\u00bbfalse\u00a0\u00bb row_expanding=\u00a0\u00bbno\u00a0\u00bb row_animation=\u00a0\u00bbnone\u00a0\u00bb row_animation_delay=\u00a0\u00bb0&Prime; row_id=\u00a0\u00bbensavoirplus\u00a0\u00bb row_name=\u00a0\u00bbensavoirplus\u00a0\u00bb width=\u00a0\u00bb1\/1&Prime; el_position=\u00a0\u00bbfirst last\u00a0\u00bb] [spb_blank_spacer height=\u00a0\u00bb30px\u00a0\u00bb width=\u00a0\u00bb1\/1&Prime; el_position=\u00a0\u00bbfirst last\u00a0\u00bb] [spb_icon_box box_type=\u00a0\u00bbleft-icon-alt\u00a0\u00bb icon=\u00a0\u00bbss-video\u00a0\u00bb target=\u00a0\u00bb_self\u00a0\u00bb animation=\u00a0\u00bbfade-from-bottom\u00a0\u00bb animation_delay=\u00a0\u00bb0&Prime; icon_color=\u00a0\u00bb#d71f4a\u00a0\u00bb width=\u00a0\u00bb1\/3&Prime; el_position=\u00a0\u00bbfirst\u00a0\u00bb] Les projets de l&rsquo;association Les projets comme les court-m\u00e9trages demandent beaucoup d&rsquo;effort d&rsquo;\u00e9quipe, de mat\u00e9riel pour de meilleurs r\u00e9sultats. Votre aide contribuera \u00e0 rendre [&hellip;]<\/p>\n","protected":false},"author":2,"featured_media":14388,"parent":0,"menu_order":0,"comment_status":"open","ping_status":"closed","template":"","meta":{"footnotes":""},"class_list":["post-12434","page","type-page","status-publish","has-post-thumbnail","hentry"],"_links":{"self":[{"href":"http:\/\/movieguideme.com\/fr\/wp-json\/wp\/v2\/pages\/12434","targetHints":{"allow":["GET"]}}],"collection":[{"href":"http:\/\/movieguideme.com\/fr\/wp-json\/wp\/v2\/pages"}],"about":[{"href":"http:\/\/movieguideme.com\/fr\/wp-json\/wp\/v2\/types\/page"}],"author":[{"embeddable":true,"href":"http:\/\/movieguideme.com\/fr\/wp-json\/wp\/v2\/users\/2"}],"replies":[{"embeddable":true,"href":"http:\/\/movieguideme.com\/fr\/wp-json\/wp\/v2\/comments?post=12434"}],"version-history":[{"count":8,"href":"http:\/\/movieguideme.com\/fr\/wp-json\/wp\/v2\/pages\/12434\/revisions"}],"predecessor-version":[{"id":15427,"href":"http:\/\/movieguideme.com\/fr\/wp-json\/wp\/v2\/pages\/12434\/revisions\/15427"}],"wp:featuredmedia":[{"embeddable":true,"href":"http:\/\/movieguideme.com\/fr\/wp-json\/"}],"wp:attachment":[{"href":"http:\/\/movieguideme.com\/fr\/wp-json\/wp\/v2\/media?parent=12434"}],"curies":[{"name":"wp","href":"https:\/\/api.w.org\/{rel}","templated":true}]}}