{"id":13331,"date":"2014-08-22T09:15:39","date_gmt":"2014-08-22T08:15:39","guid":{"rendered":"http:\/\/movieguideme.com\/?page_id=13331"},"modified":"2015-10-05T20:57:31","modified_gmt":"2015-10-05T18:57:31","slug":"prod","status":"publish","type":"page","link":"http:\/\/movieguideme.com\/fr\/prod\/","title":{"rendered":"Movie Guide Me Prod"},"content":{"rendered":"[spb_row wrap_type=\u00a0\u00bbfull-width\u00a0\u00bb row_bg_type=\u00a0\u00bbcolor\u00a0\u00bb bg_type=\u00a0\u00bbcover\u00a0\u00bb parallax_image_height=\u00a0\u00bbcontent-height\u00a0\u00bb parallax_image_movement=\u00a0\u00bbfixed\u00a0\u00bb parallax_image_speed=\u00a0\u00bb0.5&Prime; bg_video_loop=\u00a0\u00bbyes\u00a0\u00bb parallax_video_height=\u00a0\u00bbwindow-height\u00a0\u00bb parallax_video_overlay=\u00a0\u00bbnone\u00a0\u00bb row_overlay_opacity=\u00a0\u00bb0&Prime; row_padding_vertical=\u00a0\u00bb0&Prime; row_margin_vertical=\u00a0\u00bb0&Prime; remove_element_spacing=\u00a0\u00bbno\u00a0\u00bb vertical_center=\u00a0\u00bbtrue\u00a0\u00bb row_expanding=\u00a0\u00bbno\u00a0\u00bb row_animation=\u00a0\u00bbnone\u00a0\u00bb row_animation_delay=\u00a0\u00bb0&Prime; width=\u00a0\u00bb1\/1&Prime; el_position=\u00a0\u00bbfirst last\u00a0\u00bb] [spb_swift_slider fullscreen=\u00a0\u00bbtrue\u00a0\u00bb maxheight=\u00a0\u00bb500&Prime; slidecount=\u00a0\u00bb1&Prime; category=\u00a0\u00bbprod\u00a0\u00bb transition=\u00a0\u00bbslide\u00a0\u00bb loop=\u00a0\u00bbfalse\u00a0\u00bb nav=\u00a0\u00bbfalse\u00a0\u00bb pagination=\u00a0\u00bbfalse\u00a0\u00bb continue=\u00a0\u00bbfalse\u00a0\u00bb fullwidth=\u00a0\u00bbyes\u00a0\u00bb width=\u00a0\u00bb1\/1&Prime; el_position=\u00a0\u00bbfirst last\u00a0\u00bb] [\/spb_row] [spb_row wrap_type=\u00a0\u00bbfull-width\u00a0\u00bb row_bg_type=\u00a0\u00bbimage\u00a0\u00bb bg_image=\u00a0\u00bb15164&Prime; bg_type=\u00a0\u00bbcover\u00a0\u00bb parallax_image_height=\u00a0\u00bbcontent-height\u00a0\u00bb parallax_image_movement=\u00a0\u00bbfixed\u00a0\u00bb parallax_image_speed=\u00a0\u00bb0.5&Prime; bg_video_mp4=\u00a0\u00bbhttps:\/\/s3-us-west-2.amazonaws.com\/swiftideasvideos\/corp_demo_home.mp4&Prime; bg_video_loop=\u00a0\u00bbyes\u00a0\u00bb parallax_video_height=\u00a0\u00bbcontent-height\u00a0\u00bb parallax_video_overlay=\u00a0\u00bblightgridfat\u00a0\u00bb row_overlay_opacity=\u00a0\u00bb20&Prime; row_padding_vertical=\u00a0\u00bb0&Prime; row_margin_vertical=\u00a0\u00bb0&Prime; remove_element_spacing=\u00a0\u00bbyes\u00a0\u00bb vertical_center=\u00a0\u00bbfalse\u00a0\u00bb row_expanding=\u00a0\u00bbno\u00a0\u00bb row_animation=\u00a0\u00bbnone\u00a0\u00bb row_animation_delay=\u00a0\u00bb0&Prime; width=\u00a0\u00bb1\/1&Prime; el_position=\u00a0\u00bbfirst last\u00a0\u00bb] [spb_blank_spacer height=\u00a0\u00bb30px\u00a0\u00bb width=\u00a0\u00bb1\/1&Prime; el_position=\u00a0\u00bbfirst last\u00a0\u00bb] [spb_text_block animation=\u00a0\u00bbfade-in\u00a0\u00bb animation_delay=\u00a0\u00bb0&Prime; padding_vertical=\u00a0\u00bb0&Prime; padding_horizontal=\u00a0\u00bb0&Prime; width=\u00a0\u00bb1\/1&Prime; el_position=\u00a0\u00bbfirst last\u00a0\u00bb]\n<h1 style=\"text-align: center;\"><span style=\"color: #000000;\">Comment nous travaillons.<\/span><\/h1>\n<h2 style=\"text-align: center;\"><span style=\"color: #000000;\">C&rsquo;est la personnalit\u00e9 des membres de l&rsquo;\u00e9quipe qui rend\u00a0Movie Guide Me Prod unique.<\/span><\/h2>\n[\/spb_text_block] [spb_text_block animation=\u00a0\u00bbnone\u00a0\u00bb animation_delay=\u00a0\u00bb0&Prime; padding_vertical=\u00a0\u00bb0&Prime; padding_horizontal=\u00a0\u00bb10&Prime; width=\u00a0\u00bb1\/3&Prime; el_position=\u00a0\u00bbfirst\u00a0\u00bb]\n<h3 style=\"text-align: center;\">Notre \u00e9quipe<\/h3>\n<div style=\"text-align: center;\"><span style=\"color: #606060;\"><div class=\"sf-icon-cont cont-medium sf-icon-float-none\" style=\"background-color:;\"><i class=\"ss-users sf-icon sf-icon-medium\" style=\"color: standard;\"><\/i><\/div><\/span><\/div>\n<h4 style=\"text-align: center;\"><span style=\"color: #808080;\"><ul class=\"sf-list \"> <li><i class=\"ss-lightbulb\"><\/i><span><\/span>Des Equipes interdisciplinaires avec de grandes id\u00e9es.<\/span><\/li> <li><i class=\"ss-like\"><\/i><span>Des membres d\u00e9di\u00e9s travaillant dans\u00a0une ambiance conviviale<span style=\"color: #808080;\">.<\/span><\/li> <\/ul><\/span><\/h4>\n[\/spb_text_block] [spb_text_block animation=\u00a0\u00bbnone\u00a0\u00bb animation_delay=\u00a0\u00bb0&Prime; padding_vertical=\u00a0\u00bb0&Prime; padding_horizontal=\u00a0\u00bb10&Prime; width=\u00a0\u00bb1\/3&Prime;]\n<h3 style=\"text-align: center;\"><strong>Notre\u00a0Motivation<\/strong><\/h3>\n<h4 style=\"text-align: center;\"><span style=\"color: #808080;\"><div class=\"sf-icon-cont cont-medium sf-icon-float-none\" style=\"background-color:;\"><i class=\"fa-child sf-icon sf-icon-medium\" style=\"color: standard;\"><\/i><\/div><ul class=\"sf-list \">\u00a0<li><i class=\"fa-comments-o\"><\/i><span>Partagez vos id\u00e9es et vos projets.<\/span><\/li><li><i class=\"ss-usergroup\"><\/i><span>Rencontrez des personnes motiv\u00e9es.<\/span><\/li>\u00a0<\/ul><\/span><\/h4>\n<p>&nbsp;<\/p>\n[\/spb_text_block] [spb_text_block animation=\u00a0\u00bbnone\u00a0\u00bb animation_delay=\u00a0\u00bb0&Prime; padding_vertical=\u00a0\u00bb0&Prime; padding_horizontal=\u00a0\u00bb10&Prime; width=\u00a0\u00bb1\/3&Prime; el_position=\u00a0\u00bblast\u00a0\u00bb]\n<h3 style=\"text-align: center;\">Nos Valeurs<\/h3>\n<h4 style=\"text-align: center;\"><span style=\"color: #808080;\"><div class=\"sf-icon-cont cont-medium sf-icon-float-none\" style=\"background-color:;\"><i class=\"ss-loading sf-icon sf-icon-medium\" style=\"color: standard;\"><\/i><\/div><ul class=\"sf-list \"><\/span><li><i class=\"ss-merge\"><\/i><span>Impliqu\u00e9s et Passionn\u00e9s.<\/span><\/li><li><i class=\"fa-angellist\"><\/i><span>Enthousiastes et Curieux.<\/span><\/li><li><i class=\"ss-desktop\"><\/i><span>Fan d&rsquo;humour \u00ab\u00a0nerdy\u00a0\u00bb.<\/span><\/li><\/ul><\/h4>\n[\/spb_text_block] [spb_blank_spacer height=\u00a0\u00bb10px\u00a0\u00bb width=\u00a0\u00bb1\/4&Prime; el_position=\u00a0\u00bbfirst\u00a0\u00bb] [spb_divider type=\u00a0\u00bbdotted\u00a0\u00bb text=\u00a0\u00bbGo to top\u00a0\u00bb top_margin=\u00a0\u00bb0px\u00a0\u00bb bottom_margin=\u00a0\u00bb10px\u00a0\u00bb fullwidth=\u00a0\u00bbno\u00a0\u00bb width=\u00a0\u00bb1\/2&Prime;] [spb_blank_spacer height=\u00a0\u00bb10px\u00a0\u00bb width=\u00a0\u00bb1\/4&Prime; el_position=\u00a0\u00bblast\u00a0\u00bb] [spb_text_block animation=\u00a0\u00bbfade-in\u00a0\u00bb animation_delay=\u00a0\u00bb0&Prime; padding_vertical=\u00a0\u00bb0&Prime; padding_horizontal=\u00a0\u00bb0&Prime; width=\u00a0\u00bb1\/1&Prime; el_position=\u00a0\u00bbfirst last\u00a0\u00bb]\n<h1 style=\"text-align: center;\"><span style=\"color: #000000;\">Comment peut on vous aider\u00a0?<\/span><\/h1>\n<h2 style=\"text-align: center;\">Nous vous fournissons tout ce dont vous avez besoin pour concr\u00e9tiser votre projet audiovisuel<\/h2>\n[\/spb_text_block] [spb_blank_spacer height=\u00a0\u00bb10px\u00a0\u00bb width=\u00a0\u00bb1\/4&Prime; el_position=\u00a0\u00bbfirst\u00a0\u00bb] [spb_text_block animation=\u00a0\u00bbnone\u00a0\u00bb animation_delay=\u00a0\u00bb0&Prime; padding_vertical=\u00a0\u00bb0&Prime; padding_horizontal=\u00a0\u00bb10&Prime; width=\u00a0\u00bb1\/4&Prime;]\n<h3 style=\"text-align: center;\"><\/h3>\n<div style=\"text-align: center;\"><span style=\"color: #000000;\"><div class=\"sf-icon-cont cont-medium sf-icon-float-none\" style=\"background-color:;\"><i class=\"ss-man sf-icon sf-icon-medium\" style=\"color: standard;\"><\/i><\/div><\/span><\/div>\n<h3 style=\"text-align: left;\">\u00a0 \u00a0 \u00a0 \u00a0 \u00a0 \u00a0 \u00a0 \u00a0 \u00a0 \u00a0 \u00a0 \u00a0 \u00a0 \u00a0 \u00a0\u00a0<a title=\"The Team\" href=\"http:\/\/movieguideme.com\/fr\/about-us\/#meettheteam\">L&rsquo;\u00e9quipe<\/a><\/h3>\n[\/spb_text_block] [spb_text_block animation=\u00a0\u00bbnone\u00a0\u00bb animation_delay=\u00a0\u00bb0&Prime; padding_vertical=\u00a0\u00bb0&Prime; padding_horizontal=\u00a0\u00bb10&Prime; width=\u00a0\u00bb1\/4&Prime;]\n<h3 style=\"text-align: center;\"><\/h3>\n<div style=\"text-align: center;\"><span style=\"color: #000000;\">\u00a0\u00a0<div class=\"sf-icon-cont cont-medium sf-icon-float-none\" style=\"background-color:;\"><i class=\"ss-video sf-icon sf-icon-medium\" style=\"color: standard;\"><\/i><\/div><\/span><\/div>\n<h3 style=\"text-align: center;\">\u00a0Le mat\u00e9riel<\/h3>\n[\/spb_text_block] [spb_blank_spacer height=\u00a0\u00bb10px\u00a0\u00bb width=\u00a0\u00bb1\/4&Prime; el_position=\u00a0\u00bblast\u00a0\u00bb] [spb_blank_spacer height=\u00a0\u00bb10px\u00a0\u00bb width=\u00a0\u00bb1\/4&Prime; el_position=\u00a0\u00bbfirst\u00a0\u00bb] [spb_divider type=\u00a0\u00bbdotted\u00a0\u00bb text=\u00a0\u00bbGo to top\u00a0\u00bb top_margin=\u00a0\u00bb0px\u00a0\u00bb bottom_margin=\u00a0\u00bb10px\u00a0\u00bb fullwidth=\u00a0\u00bbno\u00a0\u00bb width=\u00a0\u00bb1\/2&Prime;] [spb_blank_spacer height=\u00a0\u00bb10px\u00a0\u00bb width=\u00a0\u00bb1\/4&Prime; el_position=\u00a0\u00bblast\u00a0\u00bb] [spb_blank_spacer height=\u00a0\u00bb30px\u00a0\u00bb width=\u00a0\u00bb1\/1&Prime; el_position=\u00a0\u00bbfirst last\u00a0\u00bb] [\/spb_row] [spb_row wrap_type=\u00a0\u00bbcontent-width\u00a0\u00bb row_bg_type=\u00a0\u00bbcolor\u00a0\u00bb bg_type=\u00a0\u00bbcover\u00a0\u00bb parallax_image_height=\u00a0\u00bbcontent-height\u00a0\u00bb parallax_image_movement=\u00a0\u00bbfixed\u00a0\u00bb parallax_image_speed=\u00a0\u00bb0.5&Prime; bg_video_loop=\u00a0\u00bbyes\u00a0\u00bb parallax_video_height=\u00a0\u00bbwindow-height\u00a0\u00bb parallax_video_overlay=\u00a0\u00bbnone\u00a0\u00bb row_overlay_opacity=\u00a0\u00bb0&Prime; row_padding_vertical=\u00a0\u00bb0&Prime; row_margin_vertical=\u00a0\u00bb0&Prime; remove_element_spacing=\u00a0\u00bbyes\u00a0\u00bb vertical_center=\u00a0\u00bbfalse\u00a0\u00bb row_id=\u00a0\u00bbourprojects\u00a0\u00bb row_name=\u00a0\u00bbourprojects\u00a0\u00bb width=\u00a0\u00bb1\/1&Prime; el_position=\u00a0\u00bbfirst last\u00a0\u00bb] [spb_blank_spacer height=\u00a0\u00bb30px\u00a0\u00bb width=\u00a0\u00bb1\/1&Prime; el_position=\u00a0\u00bbfirst last\u00a0\u00bb] [spb_column width=\u00a0\u00bb1\/6&Prime; el_position=\u00a0\u00bbfirst\u00a0\u00bb] [\/spb_column] [spb_column width=\u00a0\u00bb2\/3&Prime; el_position=\u00a0\u00bblast\u00a0\u00bb] [spb_boxed_content type=\u00a0\u00bbcoloured\u00a0\u00bb custom_bg_colour=\u00a0\u00bb#d71f4a\u00a0\u00bb custom_text_colour=\u00a0\u00bb#ffffff\u00a0\u00bb padding_vertical=\u00a0\u00bb3&Prime; padding_horizontal=\u00a0\u00bb5&Prime; width=\u00a0\u00bb1\/1&Prime; el_position=\u00a0\u00bbfirst last\u00a0\u00bb]\n<h1 style=\"text-align: center;\"><\/h1>\n<h1 style=\"text-align: center;\"><span style=\"color: #ffffff;\">Jetez un coup d\u2019\u0153il \u00e0 nos projets !<\/span><\/h1>\n[\/spb_boxed_content] [spb_blank_spacer height=\u00a0\u00bb30px\u00a0\u00bb width=\u00a0\u00bb1\/1&Prime; el_position=\u00a0\u00bbfirst last\u00a0\u00bb] [spb_text_block animation=\u00a0\u00bbnone\u00a0\u00bb animation_delay=\u00a0\u00bb0&Prime; padding_vertical=\u00a0\u00bb2&Prime; padding_horizontal=\u00a0\u00bb5&Prime; width=\u00a0\u00bb1\/2&Prime; el_position=\u00a0\u00bbfirst\u00a0\u00bb]\n<h1 style=\"text-align: left;\"><span style=\"color: #d71f4a;\">Et si j&rsquo;en tuais 1 ?<\/span><\/h1>\n<h3 style=\"text-align: left;\">Fiche Technique:<\/h3>\n<h4 style=\"text-align: left;\"><span style=\"color: #18a69c;\"><span style=\"color: #d71f4a;\"><li><i class=\"ss-video\"><\/i><span><\/span> \u00a0<span style=\"color: #000000;\">Co-r\u00e9alisateurs<\/span><\/span><span style=\"color: #000000;\">: <strong><span style=\"text-decoration: underline;\"><span style=\"color: #d71f4a;\"><a href=\"http:\/\/movieguideme.com\/fr\/?team=laura-kressmann\"><span style=\"color: #d71f4a; text-decoration: underline;\">Laura Kressmann<\/span><\/a><\/span><\/span><\/strong> &amp; <strong><span style=\"text-decoration: underline;\"><span style=\"color: #d71f4a;\"><a href=\"http:\/\/movieguideme.com\/fr\/?team=helene-delaunay\"><span style=\"color: #d71f4a; text-decoration: underline;\">H\u00e9l\u00e8ne Delaunay<\/span><\/a><\/span><\/span><\/strong>\u00a0<\/span><\/span><\/li><span style=\"color: #d71f4a;\"><li><i class=\"fa-book\"><\/i><span><\/span>\u00a0\u00a0<span style=\"color: #000000;\">Histoire de\u00a0Sidonie Guenault &amp;\u00a0Adaptation <span style=\"color: #d71f4a;\"><a href=\"http:\/\/movieguideme.com\/fr\/?team=laura-kressmann\">Laura Kressmann<\/a><\/span> &amp; <span style=\"color: #d71f4a;\"><a href=\"http:\/\/movieguideme.com\/fr\/?team=helene-delaunay\">H\u00e9l\u00e8ne Delaunay<\/a><\/span><\/span>\u00a0<\/span><\/li><span style=\"color: #18a69c;\"><span style=\"color: #d71f4a;\"><li><i class=\"ss-man\"><\/i><span><\/span>\u00a0\u00a0<\/span><span style=\"color: #000000;\">Acteurs principaux: Sidonie Guenault, Julia Marras, C\u00e9line Giraud, Julien Tr\u00e9feu<\/span>\u00a0<\/span><\/li><span style=\"color: #18a69c;\"><span style=\"color: #d71f4a;\"><li><i class=\"ss-music\"><\/i><span><\/span> \u00a0<\/span><span style=\"color: #000000;\">Musique: Les Epreuves du Temps <\/span><\/span><\/li><span style=\"color: #d71f4a;\"><li><i class=\"fa-microphone\"><\/i><span><\/span>\u00a0\u00a0<span style=\"color: #000000;\">Ing\u00e9nieur Son: Sinan Bozkurt\u00a0<\/span><\/li><\/span><span style=\"color: #d71f4a;\"><li><i class=\"ss-pen\"><\/i><span><\/span>\u00a0<span style=\"color: #000000;\">Scripte: <strong><span style=\"text-decoration: underline;\"><a href=\"http:\/\/movieguideme.com\/fr\/?team=priscilla-ruffe\"><span style=\"color: #d71f4a; text-decoration: underline;\">Priscilla Ruffe<\/span><\/a><\/span><\/strong>\u00a0<\/span><\/li>\u00a0<\/span><\/h4>\n<h3 style=\"text-align: left;\">Le pitch:<\/h3>\n<h4 style=\"text-align: left;\">Une parisienne attend son\u00a0bus comme tous les matins. A l&rsquo;exception que ce matin l\u00e0 elle se demande ce qu&rsquo;elle ressentirait \u00e0 l&rsquo;id\u00e9e de tuer quelqu&rsquo;un. Elle sera peut-\u00eatre amen\u00e9e \u00e0 le d\u00e9couvrir&#8230;<\/h4>\n<h4 style=\"text-align: center;\"><span style=\"color: #000000;\">\u00a0<\/span><\/h4>\n[\/spb_text_block] [spb_image image=\u00a0\u00bb15361&Prime; image_size=\u00a0\u00bbfull\u00a0\u00bb frame=\u00a0\u00bbnoframe\u00a0\u00bb intro_animation=\u00a0\u00bbnone\u00a0\u00bb animation_delay=\u00a0\u00bb200&Prime; fullwidth=\u00a0\u00bbno\u00a0\u00bb lightbox=\u00a0\u00bbno\u00a0\u00bb link_target=\u00a0\u00bb_self\u00a0\u00bb caption_pos=\u00a0\u00bbhover\u00a0\u00bb width=\u00a0\u00bb1\/2&Prime; el_position=\u00a0\u00bblast\u00a0\u00bb] [spb_image image=\u00a0\u00bb15363&Prime; image_size=\u00a0\u00bbthumb-image-onecol\u00a0\u00bb frame=\u00a0\u00bbnoframe\u00a0\u00bb intro_animation=\u00a0\u00bbnone\u00a0\u00bb animation_delay=\u00a0\u00bb200&Prime; fullwidth=\u00a0\u00bbno\u00a0\u00bb lightbox=\u00a0\u00bbno\u00a0\u00bb link_target=\u00a0\u00bb_self\u00a0\u00bb caption_pos=\u00a0\u00bbhover\u00a0\u00bb width=\u00a0\u00bb1\/2&Prime; el_position=\u00a0\u00bbfirst\u00a0\u00bb] [spb_text_block animation=\u00a0\u00bbnone\u00a0\u00bb animation_delay=\u00a0\u00bb0&Prime; padding_vertical=\u00a0\u00bb1&Prime; padding_horizontal=\u00a0\u00bb5&Prime; width=\u00a0\u00bb1\/2&Prime; el_position=\u00a0\u00bblast\u00a0\u00bb]\n<h1><span style=\"color: #d71f4a;\">MUETTE <\/span><\/h1>\n<h4><span style=\"color: #d71f4a;\">(en post-production)<\/span><\/h4>\n<h3 style=\"text-align: justify;\">Fiche Technique:<\/h3>\n<h4 style=\"text-align: justify;\"><span style=\"color: #18a69c;\"><span style=\"color: #d71f4a;\"><li><i class=\"ss-video\"><\/i><span><\/span> \u00a0<span style=\"color: #000000;\">R\u00e9alisateur\u00a0<\/span><\/span><span style=\"color: #000000;\">: <strong><span style=\"text-decoration: underline;\"><span style=\"color: #d71f4a;\"><a href=\"http:\/\/movieguideme.com\/fr\/?team=laura-kressmann\"><span style=\"color: #d71f4a; text-decoration: underline;\">Laura Kressmann<\/span><\/a><\/span><\/span><\/strong>\u00a0<\/span><\/span><\/li><span style=\"color: #d71f4a;\"><li><i class=\"fa-book\"><\/i><span><\/span>\u00a0\u00a0<span style=\"color: #000000;\">Sc\u00e9nario\u00a0: <span style=\"text-decoration: underline;\"><strong><a href=\"http:\/\/movieguideme.com\/fr\/?team=priscilla-ruffe\"><span style=\"color: #d71f4a; text-decoration: underline;\">Priscilla Ruffe<\/span><\/a><\/strong><\/span>\u00a0&amp; <strong><span style=\"text-decoration: underline;\"><span style=\"color: #d71f4a;\"><a href=\"http:\/\/movieguideme.com\/fr\/?team=helene-delaunay\"><span style=\"color: #d71f4a; text-decoration: underline;\">H\u00e9l\u00e8ne Delaunay<\/span><\/a><\/span><\/span><\/strong><\/span>\u00a0<\/span><\/li><span style=\"color: #d71f4a;\"><li><i class=\"ss-man\"><\/i><span><\/span><span style=\"color: #18a69c;\">\u00a0<\/span><span style=\"color: #000000;\">Acteurs principaux: <span style=\"color: #d71f4a;\"><a href=\"http:\/\/movieguideme.com\/fr\/?team=helene-delaunay\">H\u00e9l\u00e8ne Delaunay<\/a><\/span>, Benoit Even, <a href=\"http:\/\/movieguideme.com\/fr\/?team=priscilla-ruffe\">Priscilla Ruffe<\/a>, Adrien Gateau, Maelle Lucas<\/span>\u00a0<\/span><\/li><span style=\"color: #d71f4a;\"><li><i class=\"fa-microphone\"><\/i><span><\/span> <span style=\"color: #000000;\">Ing\u00e9nieur Son: Sinan Bozkurt\u00a0<\/span><\/li><\/span><span style=\"color: #d71f4a;\"><li><i class=\"fa-pencil\"><\/i><span><\/span>\u00a0<span style=\"color: #000000;\">\u00a0Scripte: Caroline Corn\u00a0<\/span><\/li><\/span><span style=\"color: #000000;\"><span style=\"color: #d71f4a;\"><li><i class=\"\"><\/i><span><\/span><span style=\"color: #000000;\">\u00a0Post-production: Sinan Bozkurt, <span style=\"color: #d71f4a;\"><a href=\"http:\/\/movieguideme.com\/fr\/?team=laura-kressmann\">Laura Kressmann<\/a><\/span>, <span style=\"color: #d71f4a;\"><a href=\"http:\/\/movieguideme.com\/fr\/?team=helene-delaunay\">H\u00e9l\u00e8ne Delaunay<\/a>\u00a0<\/span><\/span><\/li><\/span><\/h4>\n<h3 style=\"text-align: justify;\">Le pitch\u00a0:<\/h3>\n<h4 style=\"text-align: justify;\"><span style=\"color: #000000;\">Une femme ayant perdu l&rsquo;usage de la parole nous fait d\u00e9couvrir son quotidien et son regard \u00ab\u00a0dr\u00f4lement\u00a0\u00bb diff\u00e9rent sur la vie.<\/span><\/h4>\n<h4 style=\"text-align: justify;\"><\/h4>\n[\/spb_text_block] [spb_blank_spacer height=\u00a0\u00bb30px\u00a0\u00bb width=\u00a0\u00bb1\/1&Prime; el_position=\u00a0\u00bbfirst last\u00a0\u00bb] [spb_promo_bar display_type=\u00a0\u00bbpromo-text\u00a0\u00bb promo_bar_text=\u00a0\u00bbAidez nous \u00e0 produire le prochain !\u00a0\u00bb promo_bar_text_size=\u00a0\u00bbstandard\u00a0\u00bb btn_text=\u00a0\u00bbButton Text\u00a0\u00bb btn_color=\u00a0\u00bbaccent\u00a0\u00bb btn_type=\u00a0\u00bbstandard\u00a0\u00bb href=\u00a0\u00bbhttp:\/\/movieguideme.com\/fr\/faire-un-don\u00a0\u00bb target=\u00a0\u00bb_self\u00a0\u00bb bg_color=\u00a0\u00bb#d71f4a\u00a0\u00bb text_color=\u00a0\u00bb#ffffff\u00a0\u00bb fullwidth=\u00a0\u00bbno\u00a0\u00bb width=\u00a0\u00bb1\/1&Prime; el_position=\u00a0\u00bbfirst last\u00a0\u00bb]Enter your text here[\/spb_promo_bar] [\/spb_column] [spb_blank_spacer height=\u00a0\u00bb30px\u00a0\u00bb width=\u00a0\u00bb1\/1&Prime; el_position=\u00a0\u00bbfirst last\u00a0\u00bb] [spb_promo_bar display_type=\u00a0\u00bbpromo-arrow\u00a0\u00bb promo_bar_text=\u00a0\u00bbProposer un projet !\u00a0\u00bb promo_bar_text_size=\u00a0\u00bbstandard\u00a0\u00bb btn_text=\u00a0\u00bbButton Text\u00a0\u00bb btn_color=\u00a0\u00bbaccent\u00a0\u00bb btn_type=\u00a0\u00bbstandard\u00a0\u00bb href=\u00a0\u00bbhttp:\/\/movieguideme.com\/fr\/contact-us\u00a0\u00bb target=\u00a0\u00bb_self\u00a0\u00bb bg_color=\u00a0\u00bb#141414&Prime; text_color=\u00a0\u00bb#ffffff\u00a0\u00bb fullwidth=\u00a0\u00bbyes\u00a0\u00bb width=\u00a0\u00bb1\/1&Prime; el_position=\u00a0\u00bbfirst last\u00a0\u00bb]Enter your text here[\/spb_promo_bar] [\/spb_row] [spb_row wrap_type=\u00a0\u00bbfull-width\u00a0\u00bb row_bg_type=\u00a0\u00bbcolor\u00a0\u00bb bg_type=\u00a0\u00bbcover\u00a0\u00bb parallax_image_height=\u00a0\u00bbcontent-height\u00a0\u00bb parallax_image_movement=\u00a0\u00bbfixed\u00a0\u00bb parallax_image_speed=\u00a0\u00bb0.5&Prime; bg_video_loop=\u00a0\u00bbyes\u00a0\u00bb parallax_video_height=\u00a0\u00bbwindow-height\u00a0\u00bb parallax_video_overlay=\u00a0\u00bbnone\u00a0\u00bb row_overlay_opacity=\u00a0\u00bb0&Prime; row_padding_vertical=\u00a0\u00bb0&Prime; row_margin_vertical=\u00a0\u00bb0&Prime; remove_element_spacing=\u00a0\u00bbyes\u00a0\u00bb vertical_center=\u00a0\u00bbfalse\u00a0\u00bb width=\u00a0\u00bb1\/1&Prime; el_position=\u00a0\u00bbfirst last\u00a0\u00bb] [spb_multilayer_parallax fullscreen=\u00a0\u00bbtrue\u00a0\u00bb maxheight=\u00a0\u00bb300&Prime; width=\u00a0\u00bb1\/1&Prime; el_position=\u00a0\u00bbfirst last\u00a0\u00bb] [spb_multilayer_parallax_layer layer_title=\u00a0\u00bbLayer 1&Prime; layer_type=\u00a0\u00bbcover\u00a0\u00bb layer_bg_pos=\u00a0\u00bbright_center\u00a0\u00bb layer_bg_repeat=\u00a0\u00bbrepeat-x\u00a0\u00bb layer_depth=\u00a0\u00bb0.20&Prime; text_layer=\u00a0\u00bbyes\u00a0\u00bb width=\u00a0\u00bb1\/1&Prime; el_position=\u00a0\u00bbfirst last\u00a0\u00bb]\n<blockquote>\n<h2 class=\"copy-paste-block\" style=\"text-align: right;\"><span style=\"color: #ffffff;\"><span class=\"bqQuoteLink\">\u00a0 \u00a0 \u00a0 \u00a0 \u00a0 \u00ab\u00a0Vous ne devriez pas r\u00eaver votre film, vous devriez le faire.\u00a0\u00bb<\/span>\u00a0 \u00a0 \u00a0<\/span> \u00a0 \u00a0 \u00a0 \u00a0 \u00a0 \u00a0 \u00a0 \u00a0 \u00a0 \u00a0 \u00a0 \u00a0 \u00a0 \u00a0 \u00a0 \u00a0 \u00a0 \u00a0 \u00a0 \u00a0 \u00a0 \u00a0 \u00a0 \u00a0 \u00a0 \u00a0 \u00a0 \u00a0<em>\u00a0<\/em><\/h2>\n<h4 class=\"copy-paste-block\" style=\"text-align: center;\"><em><span style=\"color: #999999;\">\u00a0 \u00a0 \u00a0 \u00a0 \u00a0 \u00a0 \u00a0 \u00a0 \u00a0 \u00a0 \u00a0 \u00a0 \u00a0 \u00a0 \u00a0 \u00a0 \u00a0 \u00a0 \u00a0 \u00a0 <span style=\"color: #cfcfcf;\">\u00a0 \u00a0Steven Spielberg<\/span><\/span><\/em><\/h4>\n<\/blockquote>\n[\/spb_multilayer_parallax_layer] [spb_multilayer_parallax_layer layer_title=\u00a0\u00bbLayer 2&Prime; layer_image=\u00a0\u00bb15159&Prime; layer_type=\u00a0\u00bbcover\u00a0\u00bb layer_bg_pos=\u00a0\u00bbleft_center\u00a0\u00bb layer_bg_repeat=\u00a0\u00bbno-repeat\u00a0\u00bb layer_depth=\u00a0\u00bb0.00&Prime; text_layer=\u00a0\u00bbno\u00a0\u00bb width=\u00a0\u00bb1\/1&Prime; el_position=\u00a0\u00bbfirst last\u00a0\u00bb][\/spb_multilayer_parallax_layer] [\/spb_multilayer_parallax] [\/spb_row]\n","protected":false},"excerpt":{"rendered":"<p>[spb_row wrap_type=\u00a0\u00bbfull-width\u00a0\u00bb row_bg_type=\u00a0\u00bbcolor\u00a0\u00bb bg_type=\u00a0\u00bbcover\u00a0\u00bb parallax_image_height=\u00a0\u00bbcontent-height\u00a0\u00bb parallax_image_movement=\u00a0\u00bbfixed\u00a0\u00bb parallax_image_speed=\u00a0\u00bb0.5&Prime; bg_video_loop=\u00a0\u00bbyes\u00a0\u00bb parallax_video_height=\u00a0\u00bbwindow-height\u00a0\u00bb parallax_video_overlay=\u00a0\u00bbnone\u00a0\u00bb row_overlay_opacity=\u00a0\u00bb0&Prime; row_padding_vertical=\u00a0\u00bb0&Prime; row_margin_vertical=\u00a0\u00bb0&Prime; remove_element_spacing=\u00a0\u00bbno\u00a0\u00bb vertical_center=\u00a0\u00bbtrue\u00a0\u00bb row_expanding=\u00a0\u00bbno\u00a0\u00bb row_animation=\u00a0\u00bbnone\u00a0\u00bb row_animation_delay=\u00a0\u00bb0&Prime; width=\u00a0\u00bb1\/1&Prime; el_position=\u00a0\u00bbfirst last\u00a0\u00bb] [spb_swift_slider fullscreen=\u00a0\u00bbtrue\u00a0\u00bb maxheight=\u00a0\u00bb500&Prime; slidecount=\u00a0\u00bb1&Prime; category=\u00a0\u00bbprod\u00a0\u00bb transition=\u00a0\u00bbslide\u00a0\u00bb loop=\u00a0\u00bbfalse\u00a0\u00bb nav=\u00a0\u00bbfalse\u00a0\u00bb pagination=\u00a0\u00bbfalse\u00a0\u00bb continue=\u00a0\u00bbfalse\u00a0\u00bb fullwidth=\u00a0\u00bbyes\u00a0\u00bb width=\u00a0\u00bb1\/1&Prime; el_position=\u00a0\u00bbfirst last\u00a0\u00bb] [\/spb_row] [spb_row wrap_type=\u00a0\u00bbfull-width\u00a0\u00bb row_bg_type=\u00a0\u00bbimage\u00a0\u00bb bg_image=\u00a0\u00bb15164&Prime; bg_type=\u00a0\u00bbcover\u00a0\u00bb parallax_image_height=\u00a0\u00bbcontent-height\u00a0\u00bb parallax_image_movement=\u00a0\u00bbfixed\u00a0\u00bb parallax_image_speed=\u00a0\u00bb0.5&Prime; bg_video_mp4=\u00a0\u00bbhttps:\/\/s3-us-west-2.amazonaws.com\/swiftideasvideos\/corp_demo_home.mp4&Prime; bg_video_loop=\u00a0\u00bbyes\u00a0\u00bb parallax_video_height=\u00a0\u00bbcontent-height\u00a0\u00bb parallax_video_overlay=\u00a0\u00bblightgridfat\u00a0\u00bb row_overlay_opacity=\u00a0\u00bb20&Prime; row_padding_vertical=\u00a0\u00bb0&Prime; row_margin_vertical=\u00a0\u00bb0&Prime; remove_element_spacing=\u00a0\u00bbyes\u00a0\u00bb vertical_center=\u00a0\u00bbfalse\u00a0\u00bb row_expanding=\u00a0\u00bbno\u00a0\u00bb row_animation=\u00a0\u00bbnone\u00a0\u00bb row_animation_delay=\u00a0\u00bb0&Prime; width=\u00a0\u00bb1\/1&Prime; el_position=\u00a0\u00bbfirst last\u00a0\u00bb] [spb_blank_spacer [&hellip;]<\/p>\n","protected":false},"author":2,"featured_media":15057,"parent":0,"menu_order":0,"comment_status":"open","ping_status":"closed","template":"","meta":{"footnotes":""},"class_list":["post-13331","page","type-page","status-publish","has-post-thumbnail","hentry"],"_links":{"self":[{"href":"http:\/\/movieguideme.com\/fr\/wp-json\/wp\/v2\/pages\/13331","targetHints":{"allow":["GET"]}}],"collection":[{"href":"http:\/\/movieguideme.com\/fr\/wp-json\/wp\/v2\/pages"}],"about":[{"href":"http:\/\/movieguideme.com\/fr\/wp-json\/wp\/v2\/types\/page"}],"author":[{"embeddable":true,"href":"http:\/\/movieguideme.com\/fr\/wp-json\/wp\/v2\/users\/2"}],"replies":[{"embeddable":true,"href":"http:\/\/movieguideme.com\/fr\/wp-json\/wp\/v2\/comments?post=13331"}],"version-history":[{"count":19,"href":"http:\/\/movieguideme.com\/fr\/wp-json\/wp\/v2\/pages\/13331\/revisions"}],"predecessor-version":[{"id":15214,"href":"http:\/\/movieguideme.com\/fr\/wp-json\/wp\/v2\/pages\/13331\/revisions\/15214"}],"wp:featuredmedia":[{"embeddable":true,"href":"http:\/\/movieguideme.com\/fr\/wp-json\/wp\/v2\/media\/15057"}],"wp:attachment":[{"href":"http:\/\/movieguideme.com\/fr\/wp-json\/wp\/v2\/media?parent=13331"}],"curies":[{"name":"wp","href":"https:\/\/api.w.org\/{rel}","templated":true}]}}