{"id":13334,"date":"2014-08-22T09:17:03","date_gmt":"2014-08-22T09:17:03","guid":{"rendered":"http:\/\/movieguideme.com\/?page_id=13334"},"modified":"2015-02-24T23:58:16","modified_gmt":"2015-02-24T22:58:16","slug":"nous-rejoindre","status":"publish","type":"page","link":"http:\/\/movieguideme.com\/fr\/nous-rejoindre\/","title":{"rendered":"Nous Rejoindre &#8211; Movie Guide Me"},"content":{"rendered":"[spb_row wrap_type=\u00a0\u00bbfull-width\u00a0\u00bb row_bg_type=\u00a0\u00bbcolor\u00a0\u00bb row_bg_color=\u00a0\u00bb#ffffff\u00a0\u00bb bg_type=\u00a0\u00bbcover\u00a0\u00bb parallax_image_height=\u00a0\u00bbwindow-height\u00a0\u00bb parallax_image_movement=\u00a0\u00bbfixed\u00a0\u00bb parallax_image_speed=\u00a0\u00bb0.5&Prime; bg_video_mp4=\u00a0\u00bbhttp:\/\/swiftideasvideos.s3.amazonaws.com\/agency_work.mp4&Prime; parallax_video_height=\u00a0\u00bbwindow-height\u00a0\u00bb parallax_video_overlay=\u00a0\u00bbnone\u00a0\u00bb row_overlay_opacity=\u00a0\u00bb0&Prime; row_padding_vertical=\u00a0\u00bb0&Prime; row_margin_vertical=\u00a0\u00bb0&Prime; remove_element_spacing=\u00a0\u00bbyes\u00a0\u00bb vertical_center=\u00a0\u00bbfalse\u00a0\u00bb row_el_class=\u00a0\u00bbmb0&Prime; width=\u00a0\u00bb1\/1&Prime; el_position=\u00a0\u00bbfirst last\u00a0\u00bb] [spb_blank_spacer height=\u00a0\u00bb30px\u00a0\u00bb width=\u00a0\u00bb1\/1&Prime; el_position=\u00a0\u00bbfirst last\u00a0\u00bb] [spb_text_block animation=\u00a0\u00bbnone\u00a0\u00bb animation_delay=\u00a0\u00bb0&Prime; padding_vertical=\u00a0\u00bb0&Prime; padding_horizontal=\u00a0\u00bb0&Prime; width=\u00a0\u00bb1\/1&Prime; el_position=\u00a0\u00bbfirst last\u00a0\u00bb]\n<h1 style=\"text-align: center;\"><span style=\"color: #000000;\">Comment nous rejoindre&#8230;<\/span><\/h1>\n[\/spb_text_block] [spb_blank_spacer height=\u00a0\u00bb30px\u00a0\u00bb width=\u00a0\u00bb1\/1&Prime; el_position=\u00a0\u00bbfirst last\u00a0\u00bb] [spb_text_block animation=\u00a0\u00bbnone\u00a0\u00bb animation_delay=\u00a0\u00bb0&Prime; padding_vertical=\u00a0\u00bb0&Prime; padding_horizontal=\u00a0\u00bb0&Prime; width=\u00a0\u00bb1\/3&Prime; el_position=\u00a0\u00bbfirst\u00a0\u00bb]\n<h4 style=\"text-align: center;\">THE BLOG<\/h4>\n<h4 style=\"text-align: center;\"><div class=\"sf-icon-cont cont-small sf-icon-float-none\" style=\"background-color:;\"><i class=\"ss-desktop sf-icon sf-icon-small\" style=\"color: transparent-light;\"><\/i><\/div><\/h4>\n[\/spb_text_block] [spb_text_block animation=\u00a0\u00bbnone\u00a0\u00bb animation_delay=\u00a0\u00bb0&Prime; padding_vertical=\u00a0\u00bb0&Prime; padding_horizontal=\u00a0\u00bb0&Prime; width=\u00a0\u00bb1\/3&Prime;]\n<h4 style=\"text-align: center;\">PROD<\/h4>\n<h4 style=\"text-align: center;\"><div class=\"sf-icon-cont cont-small sf-icon-float-none\" style=\"background-color:;\"><i class=\"ss-video sf-icon sf-icon-small\" style=\"\"><\/i><\/div><\/h4>\n[\/spb_text_block] [spb_text_block animation=\u00a0\u00bbnone\u00a0\u00bb animation_delay=\u00a0\u00bb0&Prime; padding_vertical=\u00a0\u00bb0&Prime; padding_horizontal=\u00a0\u00bb0&Prime; width=\u00a0\u00bb1\/3&Prime; el_position=\u00a0\u00bblast\u00a0\u00bb]\n<h4 style=\"text-align: center;\">DONATE<\/h4>\n<h4 style=\"text-align: center;\"><div class=\"sf-icon-cont cont-small sf-icon-float-none\" style=\"background-color:;\"><i class=\"ss-heart sf-icon sf-icon-small\" style=\"\"><\/i><\/div><\/h4>\n[\/spb_text_block] [spb_image image=\u00a0\u00bb15058&Prime; image_size=\u00a0\u00bbfull\u00a0\u00bb frame=\u00a0\u00bbborderframe\u00a0\u00bb intro_animation=\u00a0\u00bbpop-up\u00a0\u00bb animation_delay=\u00a0\u00bb200&Prime; fullwidth=\u00a0\u00bbno\u00a0\u00bb lightbox=\u00a0\u00bbyes\u00a0\u00bb image_link=\u00a0\u00bbhttp:\/\/movieguideme.com\/fr\/blog\/\u00a0\u00bb link_target=\u00a0\u00bb_self\u00a0\u00bb caption=\u00a0\u00bbDevenez un chroniquer et un ambassadeur de MGM\u00a0\u00bb caption_pos=\u00a0\u00bbhover\u00a0\u00bb width=\u00a0\u00bb1\/3&Prime; el_position=\u00a0\u00bbfirst\u00a0\u00bb] [spb_image image=\u00a0\u00bb15057&Prime; image_size=\u00a0\u00bbfull\u00a0\u00bb frame=\u00a0\u00bbborderframe\u00a0\u00bb intro_animation=\u00a0\u00bbpop-up\u00a0\u00bb animation_delay=\u00a0\u00bb200&Prime; fullwidth=\u00a0\u00bbno\u00a0\u00bb lightbox=\u00a0\u00bbyes\u00a0\u00bb image_link=\u00a0\u00bbhttp:\/\/movieguideme.com\/fr\/prod\/\u00a0\u00bb link_target=\u00a0\u00bb_self\u00a0\u00bb caption=\u00a0\u00bbEcriture de sc\u00e9nario, Tournages et Production\u00a0\u00bb caption_pos=\u00a0\u00bbhover\u00a0\u00bb width=\u00a0\u00bb1\/3&Prime;] [spb_image image=\u00a0\u00bb15052&Prime; image_size=\u00a0\u00bbthumb-image\u00a0\u00bb frame=\u00a0\u00bbborderframe\u00a0\u00bb intro_animation=\u00a0\u00bbpop-up\u00a0\u00bb animation_delay=\u00a0\u00bb200&Prime; fullwidth=\u00a0\u00bbyes\u00a0\u00bb lightbox=\u00a0\u00bbyes\u00a0\u00bb image_link=\u00a0\u00bbhttp:\/\/movieguideme.com\/fr\/faire-un-don\u00a0\u00bb link_target=\u00a0\u00bb_self\u00a0\u00bb caption=\u00a0\u00bbfaire un don\u00a0\u00bb caption_pos=\u00a0\u00bbhover\u00a0\u00bb width=\u00a0\u00bb1\/3&Prime; el_position=\u00a0\u00bblast\u00a0\u00bb] [spb_boxed_content type=\u00a0\u00bbcoloured\u00a0\u00bb custom_bg_colour=\u00a0\u00bb#18a69c\u00a0\u00bb custom_text_colour=\u00a0\u00bb#ffffff\u00a0\u00bb padding_vertical=\u00a0\u00bb20&Prime; padding_horizontal=\u00a0\u00bb10&Prime; width=\u00a0\u00bb1\/3&Prime; el_position=\u00a0\u00bbfirst\u00a0\u00bb]\n<h4 style=\"text-align: center;\"><span style=\"color: #ffffff;\">REJOIGNEZ LE BLOG<\/span><\/h4>\n<p style=\"text-align: center;\"><span style=\"color: #ffffff;\">Vous \u00eates cin\u00e9philes et vous aimeriez devenir chroniqueur? Devenez membre de l&rsquo;\u00e9quipe et partagez vos id\u00e9es et \u00e9crivez des critiques sur vos films coups de gueule ou coups de coeur.<\/span><\/p>\n[\/spb_boxed_content] [spb_boxed_content type=\u00a0\u00bbcoloured\u00a0\u00bb custom_bg_colour=\u00a0\u00bb#d71f4a\u00a0\u00bb custom_text_colour=\u00a0\u00bb#ffffff\u00a0\u00bb padding_vertical=\u00a0\u00bb20&Prime; padding_horizontal=\u00a0\u00bb12&Prime; width=\u00a0\u00bb1\/3&Prime;]\n<h4 style=\"text-align: center;\"><span style=\"color: #ffffff;\">PRODUCTION<\/span><\/h4>\n<p style=\"text-align: center;\"><span style=\"color: #ffffff;\">Participez \u00e0 nos projets de films de la\u00a0cr\u00e9ation\u00a0au tournage. Rencontrez d&rsquo;autres membres sur les tournages et partagez votre passion. Nous vous aidons \u00e9galement avec vos projets.<\/span><\/p>\n[\/spb_boxed_content] [spb_boxed_content type=\u00a0\u00bbwhitestroke\u00a0\u00bb custom_bg_colour=\u00a0\u00bb#000000&Prime; custom_text_colour=\u00a0\u00bb#fffcfc\u00a0\u00bb padding_vertical=\u00a0\u00bb20&Prime; padding_horizontal=\u00a0\u00bb16&Prime; width=\u00a0\u00bb1\/3&Prime; el_position=\u00a0\u00bblast\u00a0\u00bb]\n<h4 style=\"text-align: center;\"><span style=\"color: #ffffff;\">FAIRE UN DON<\/span><\/h4>\n<p style=\"text-align: center;\"><span style=\"color: #ffffff;\">Vous \u00eates int\u00e9ress\u00e9s par nos projets et vous voulez participer? Faites un don via notre plateforme s\u00e9curis\u00e9e ici et faites que nos projets deviennent r\u00e9alit\u00e9 !<\/span><\/p>\n[\/spb_boxed_content] [spb_column width=\u00a0\u00bb1\/3&Prime; el_position=\u00a0\u00bbfirst\u00a0\u00bb] [spb_promo_bar display_type=\u00a0\u00bbpromo-arrow\u00a0\u00bb promo_bar_text=\u00a0\u00bbDevenir Chroniqueur\u00a0\u00bb btn_text=\u00a0\u00bbButton Text\u00a0\u00bb btn_color=\u00a0\u00bbaccent\u00a0\u00bb href=\u00a0\u00bbhttp:\/\/www.movieguideme.com\/fr\/contact\u00a0\u00bb target=\u00a0\u00bb_blank\u00a0\u00bb bg_color=\u00a0\u00bb#18a69c\u00a0\u00bb text_color=\u00a0\u00bb#ffffff\u00a0\u00bb fullwidth=\u00a0\u00bbyes\u00a0\u00bb width=\u00a0\u00bb1\/1&Prime; el_position=\u00a0\u00bbfirst last\u00a0\u00bb] [\/spb_column] [spb_column width=\u00a0\u00bb1\/3&Prime;] [spb_promo_bar display_type=\u00a0\u00bbpromo-arrow\u00a0\u00bb promo_bar_text=\u00a0\u00bbFaire des films avec nous !\u00a0\u00bb btn_text=\u00a0\u00bbButton Text\u00a0\u00bb btn_color=\u00a0\u00bbaccent\u00a0\u00bb href=\u00a0\u00bbhttp:\/\/www.movieguideme.com\/fr\/contact\u00a0\u00bb target=\u00a0\u00bb_blank\u00a0\u00bb bg_color=\u00a0\u00bb#d71f4a\u00a0\u00bb text_color=\u00a0\u00bb#ffffff\u00a0\u00bb fullwidth=\u00a0\u00bbyes\u00a0\u00bb width=\u00a0\u00bb1\/1&Prime; el_position=\u00a0\u00bbfirst last\u00a0\u00bb] [\/spb_column] [spb_column width=\u00a0\u00bb1\/3&Prime; el_position=\u00a0\u00bblast\u00a0\u00bb] [spb_promo_bar display_type=\u00a0\u00bbpromo-arrow\u00a0\u00bb promo_bar_text=\u00a0\u00bbFaire un Don\u00a0\u00bb btn_text=\u00a0\u00bbButton Text\u00a0\u00bb btn_color=\u00a0\u00bbaccent\u00a0\u00bb href=\u00a0\u00bbhttp:\/\/www.movieguideme.com\/fr\/faire-un-don\u00a0\u00bb target=\u00a0\u00bb_blank\u00a0\u00bb bg_color=\u00a0\u00bb#000000&Prime; text_color=\u00a0\u00bb#ffffff\u00a0\u00bb fullwidth=\u00a0\u00bbyes\u00a0\u00bb width=\u00a0\u00bb1\/1&Prime; el_position=\u00a0\u00bbfirst last\u00a0\u00bb] [\/spb_column] [spb_blank_spacer height=\u00a0\u00bb60px\u00a0\u00bb width=\u00a0\u00bb1\/1&Prime; el_position=\u00a0\u00bbfirst last\u00a0\u00bb] [\/spb_row]\n","protected":false},"excerpt":{"rendered":"<p>[spb_row wrap_type=\u00a0\u00bbfull-width\u00a0\u00bb row_bg_type=\u00a0\u00bbcolor\u00a0\u00bb row_bg_color=\u00a0\u00bb#ffffff\u00a0\u00bb bg_type=\u00a0\u00bbcover\u00a0\u00bb parallax_image_height=\u00a0\u00bbwindow-height\u00a0\u00bb parallax_image_movement=\u00a0\u00bbfixed\u00a0\u00bb parallax_image_speed=\u00a0\u00bb0.5&Prime; bg_video_mp4=\u00a0\u00bbhttp:\/\/swiftideasvideos.s3.amazonaws.com\/agency_work.mp4&Prime; parallax_video_height=\u00a0\u00bbwindow-height\u00a0\u00bb parallax_video_overlay=\u00a0\u00bbnone\u00a0\u00bb row_overlay_opacity=\u00a0\u00bb0&Prime; row_padding_vertical=\u00a0\u00bb0&Prime; row_margin_vertical=\u00a0\u00bb0&Prime; remove_element_spacing=\u00a0\u00bbyes\u00a0\u00bb vertical_center=\u00a0\u00bbfalse\u00a0\u00bb row_el_class=\u00a0\u00bbmb0&Prime; width=\u00a0\u00bb1\/1&Prime; el_position=\u00a0\u00bbfirst last\u00a0\u00bb] [spb_blank_spacer height=\u00a0\u00bb30px\u00a0\u00bb width=\u00a0\u00bb1\/1&Prime; el_position=\u00a0\u00bbfirst last\u00a0\u00bb] [spb_text_block animation=\u00a0\u00bbnone\u00a0\u00bb animation_delay=\u00a0\u00bb0&Prime; padding_vertical=\u00a0\u00bb0&Prime; padding_horizontal=\u00a0\u00bb0&Prime; width=\u00a0\u00bb1\/1&Prime; el_position=\u00a0\u00bbfirst last\u00a0\u00bb] Comment nous rejoindre&#8230; [\/spb_text_block] [spb_blank_spacer height=\u00a0\u00bb30px\u00a0\u00bb width=\u00a0\u00bb1\/1&Prime; el_position=\u00a0\u00bbfirst last\u00a0\u00bb] [spb_text_block animation=\u00a0\u00bbnone\u00a0\u00bb animation_delay=\u00a0\u00bb0&Prime; padding_vertical=\u00a0\u00bb0&Prime; padding_horizontal=\u00a0\u00bb0&Prime; width=\u00a0\u00bb1\/3&Prime; el_position=\u00a0\u00bbfirst\u00a0\u00bb] THE BLOG [\/spb_text_block] [spb_text_block animation=\u00a0\u00bbnone\u00a0\u00bb animation_delay=\u00a0\u00bb0&Prime; padding_vertical=\u00a0\u00bb0&Prime; padding_horizontal=\u00a0\u00bb0&Prime; width=\u00a0\u00bb1\/3&Prime;] PROD [\/spb_text_block] [&hellip;]<\/p>\n","protected":false},"author":2,"featured_media":14388,"parent":0,"menu_order":0,"comment_status":"open","ping_status":"open","template":"","meta":{"footnotes":""},"class_list":["post-13334","page","type-page","status-publish","has-post-thumbnail","hentry"],"_links":{"self":[{"href":"http:\/\/movieguideme.com\/fr\/wp-json\/wp\/v2\/pages\/13334","targetHints":{"allow":["GET"]}}],"collection":[{"href":"http:\/\/movieguideme.com\/fr\/wp-json\/wp\/v2\/pages"}],"about":[{"href":"http:\/\/movieguideme.com\/fr\/wp-json\/wp\/v2\/types\/page"}],"author":[{"embeddable":true,"href":"http:\/\/movieguideme.com\/fr\/wp-json\/wp\/v2\/users\/2"}],"replies":[{"embeddable":true,"href":"http:\/\/movieguideme.com\/fr\/wp-json\/wp\/v2\/comments?post=13334"}],"version-history":[{"count":17,"href":"http:\/\/movieguideme.com\/fr\/wp-json\/wp\/v2\/pages\/13334\/revisions"}],"predecessor-version":[{"id":18175,"href":"http:\/\/movieguideme.com\/fr\/wp-json\/wp\/v2\/pages\/13334\/revisions\/18175"}],"wp:featuredmedia":[{"embeddable":true,"href":"http:\/\/movieguideme.com\/fr\/wp-json\/"}],"wp:attachment":[{"href":"http:\/\/movieguideme.com\/fr\/wp-json\/wp\/v2\/media?parent=13334"}],"curies":[{"name":"wp","href":"https:\/\/api.w.org\/{rel}","templated":true}]}}