{"id":19018,"date":"2015-04-20T11:07:24","date_gmt":"2015-04-20T10:07:24","guid":{"rendered":"http:\/\/movieguideme.com\/fr\/?page_id=19018"},"modified":"2015-08-28T01:32:41","modified_gmt":"2015-08-27T23:32:41","slug":"dudechick","status":"publish","type":"page","link":"http:\/\/movieguideme.com\/fr\/dudechick\/","title":{"rendered":"Dudechick, c&rsquo;est quoi?"},"content":{"rendered":"[spb_row wrap_type=\u00a0\u00bbcontent-width\u00a0\u00bb row_bg_type=\u00a0\u00bbcolor\u00a0\u00bb bg_type=\u00a0\u00bbcover\u00a0\u00bb parallax_image_height=\u00a0\u00bbcontent-height\u00a0\u00bb parallax_image_movement=\u00a0\u00bbfixed\u00a0\u00bb parallax_image_speed=\u00a0\u00bb0.5&Prime; bg_video_loop=\u00a0\u00bbyes\u00a0\u00bb parallax_video_height=\u00a0\u00bbwindow-height\u00a0\u00bb parallax_video_overlay=\u00a0\u00bbnone\u00a0\u00bb row_overlay_opacity=\u00a0\u00bb0&Prime; row_padding_vertical=\u00a0\u00bb0&Prime; row_margin_vertical=\u00a0\u00bb0&Prime; remove_element_spacing=\u00a0\u00bbyes\u00a0\u00bb vertical_center=\u00a0\u00bbfalse\u00a0\u00bb row_expanding=\u00a0\u00bbno\u00a0\u00bb row_animation=\u00a0\u00bbnone\u00a0\u00bb row_animation_delay=\u00a0\u00bb0&Prime; width=\u00a0\u00bb1\/1&Prime; el_position=\u00a0\u00bbfirst last\u00a0\u00bb] [spb_column width=\u00a0\u00bb1\/2&Prime; el_position=\u00a0\u00bbfirst\u00a0\u00bb] [spb_text_block animation=\u00a0\u00bbnone\u00a0\u00bb animation_delay=\u00a0\u00bb0&Prime; padding_vertical=\u00a0\u00bb0&Prime; padding_horizontal=\u00a0\u00bb4&Prime; width=\u00a0\u00bb1\/1&Prime; el_position=\u00a0\u00bbfirst last\u00a0\u00bb]\n<h3 style=\"text-align: center;\"><strong><span style=\"color: #d71f4a;\">Dudechick, c&rsquo;est quoi\u00a0exactement?<\/span><\/strong><\/h3>\n<p style=\"text-align: justify;\">C&rsquo;est une attitude, une fa\u00e7on de penser, une \u00e9nergie, un enthousiasme, un Best Being qui tend vers le positivisme, le partage, l&rsquo;humour tout en assumant sa personnalit\u00e9.<\/p>\n<p style=\"text-align: justify;\">Ce concept est n\u00e9 gr\u00e2ce aux amiti\u00e9s et aux rencontres que l&rsquo;on a pu faire. \u00a0Ici, pas d&rsquo;opposition entre les dudes (gars) Vs les chicks (nanas), au contraire! Nos r\u00e9f\u00e9rences, exp\u00e9riences, et projets sont les fondements de ce concept qui s&rsquo;applique dans le quotidien de notre association Movie Guide Me.<\/p>\n<h3 style=\"text-align: justify;\"><\/h3>\n[\/spb_text_block] [\/spb_column] [spb_column width=\u00a0\u00bb1\/2&Prime; el_position=\u00a0\u00bblast\u00a0\u00bb] [spb_text_block animation=\u00a0\u00bbnone\u00a0\u00bb animation_delay=\u00a0\u00bb0&Prime; padding_vertical=\u00a0\u00bb0&Prime; padding_horizontal=\u00a0\u00bb4&Prime; width=\u00a0\u00bb1\/1&Prime; el_position=\u00a0\u00bbfirst last\u00a0\u00bb]\n<h3 style=\"text-align: center;\"><span style=\"color: #18a69c;\">C&rsquo;est quoi ce %\u00a0#dudechick?<\/span><\/h3>\n<p style=\"text-align: justify;\">Si vous avez lu certaines de nos critiques, vous l&rsquo;avez sans doute rencontrer. Il\u00a0indique l&rsquo;indice #dudechick du film dont on a fait la critique. C&rsquo;est \u00e0 dire, d&rsquo;un point de vue purement \u00ab\u00a0subjectif\u00a0\u00bb \u00e0 quel point on a aim\u00e9 ce film. Par exemple,\u00a0on peut donner un 4 sur 5 \u00e0 un film qui est objectivement bien fait (bon sc\u00e9nario, bonne interpr\u00e9tation, r\u00e9alisation ma\u00eetris\u00e9e) mais donner une note #dudechick basse car ce n&rsquo;est pas le genre de films que l&rsquo;on aimerait revoir une deuxi\u00e8me fois.<\/p>\n<p style=\"text-align: justify;\">Plut\u00f4t cool pour vous; vous avez une note plus technique et \u00ab\u00a0objective\u00a0\u00bb et une autre en tenant compte de nos go\u00fbts&#8230;qui peuvent correspondre aux v\u00f4tres! D&rsquo;ailleurs, n&rsquo;h\u00e9sitez pas \u00e0 nous les faire partager!<\/p>\n<h5 style=\"text-align: center;\"><\/h5>\n[\/spb_text_block] [\/spb_column] [spb_blank_spacer height=\u00a0\u00bb30px\u00a0\u00bb width=\u00a0\u00bb1\/6&Prime; el_position=\u00a0\u00bbfirst\u00a0\u00bb] [spb_text_block animation=\u00a0\u00bbnone\u00a0\u00bb animation_delay=\u00a0\u00bb0&Prime; padding_vertical=\u00a0\u00bb0&Prime; padding_horizontal=\u00a0\u00bb0&Prime; width=\u00a0\u00bb2\/3&Prime; el_position=\u00a0\u00bblast\u00a0\u00bb]\n<h5 style=\"text-align: center;\"><div class=\"sf-count-asset\" style=\"color: #18A69C;\"><div class=\"count-number\" data-from=\"0\" data-to=\"100\" data-speed=\"1000\" data-refresh-interval=\"25\" data-prefix=\"\" data-suffix=\"% #dudechick\" data-with-commas=\"false\"><\/div><div class=\"count-divider\"><span><\/span><\/div><h6 class=\"count-subject\"><\/h6><\/div><\/h5>\n<h3 style=\"text-align: center;\">\u00a0Voir les films<span style=\"text-decoration: underline;\"><span style=\"color: #18a69c; text-decoration: underline;\"> 100%<\/span><\/span><strong><span style=\"text-decoration: underline;\"><a href=\"http:\/\/movieguideme.com\/fr\/tag\/100dudechick\/\"><span style=\"color: #18a69c; text-decoration: underline;\">#dudechick ici<\/span><\/a><\/span>\u00a0<\/strong>:\u00a0<a href=\"http:\/\/movieguideme.com\/fr\/tag\/100dudechick\/\"><img loading=\"lazy\" decoding=\"async\" class=\"aligncenter wp-image-16135 size-full\" src=\"http:\/\/movieguideme.com\/wp-content\/uploads\/2014\/10\/Movie-Guide-Me-Logo-Dudechick-150x1501.png\" alt=\"Movie-Guide-Me-Logo-Dudechick-150x150\" width=\"150\" height=\"150\" \/><\/a><\/h3>\n<h2 style=\"text-align: center;\">Mais quoi de mieux que des images pour vous faire une id\u00e9e!<\/h2>\n<h2 style=\"text-align: center;\">Etre Dudechick c&rsquo;est&#8230;<\/h2>\n[\/spb_text_block] [\/spb_row] [spb_blank_spacer height=\u00a0\u00bb30px\u00a0\u00bb width=\u00a0\u00bb1\/1&Prime; el_position=\u00a0\u00bbfirst last\u00a0\u00bb] [spb_column width=\u00a0\u00bb1\/6&Prime; el_position=\u00a0\u00bbfirst\u00a0\u00bb] [\/spb_column] [spb_column width=\u00a0\u00bb2\/3&Prime; el_position=\u00a0\u00bblast\u00a0\u00bb] [spb_text_block animation=\u00a0\u00bbnone\u00a0\u00bb animation_delay=\u00a0\u00bb0&Prime; padding_vertical=\u00a0\u00bb0&Prime; padding_horizontal=\u00a0\u00bb0&Prime; width=\u00a0\u00bb1\/1&Prime; el_position=\u00a0\u00bbfirst last\u00a0\u00bb]\n<h3 style=\"text-align: center;\">Faire des conneries mais avec classe! toujours!<\/h3>\n<p><iframe loading=\"lazy\" class=\"giphy-embed\" style=\"max-width: 100%;\" src=\"\/\/giphy.com\/embed\/XocJ6W9CBq7IY\" width=\"480\" height=\"286\" frameborder=\"0\" allowfullscreen=\"allowfullscreen\"><\/iframe><\/p>\n<h3 style=\"text-align: center;\">Rester SWAG en toutes circonstances<\/h3>\n<p><iframe loading=\"lazy\" class=\"giphy-embed\" style=\"max-width: 100%;\" src=\"\/\/giphy.com\/embed\/K2rC3NM34w8ak\" width=\"480\" height=\"293\" frameborder=\"0\" allowfullscreen=\"allowfullscreen\"><\/iframe><\/p>\n<h3 style=\"text-align: center;\">Toujours r\u00e9pondre avec le sourire<\/h3>\n<p><iframe loading=\"lazy\" class=\"giphy-embed\" style=\"max-width: 100%;\" src=\"\/\/giphy.com\/embed\/HEH6I0lwHWhzy\" width=\"480\" height=\"220\" frameborder=\"0\" allowfullscreen=\"allowfullscreen\"><\/iframe><\/p>\n<h3 style=\"text-align: center;\">Avoir l&rsquo;esprit d&rsquo;\u00e9quipe et \u00eatre d\u00e9termin\u00e9<\/h3>\n<p><iframe loading=\"lazy\" class=\"giphy-embed\" style=\"max-width: 100%;\" src=\"\/\/giphy.com\/embed\/IodqprBq9KhFK\" width=\"480\" height=\"198\" frameborder=\"0\" allowfullscreen=\"allowfullscreen\"><\/iframe><\/p>\n<h3 style=\"text-align: center;\">Sortir en bande<\/h3>\n<p><iframe loading=\"lazy\" class=\"giphy-embed\" style=\"max-width: 100%;\" src=\"\/\/giphy.com\/embed\/RchHgsK1Tsgo0\" width=\"480\" height=\"264\" frameborder=\"0\" allowfullscreen=\"allowfullscreen\"><\/iframe><\/p>\n<h3 style=\"text-align: center;\">Etre d\u00e9brouillard&#8230; ou born\u00e9<\/h3>\n<p><iframe loading=\"lazy\" class=\"giphy-embed\" style=\"max-width: 100%;\" src=\"\/\/giphy.com\/embed\/jd99uhmHgV2h2\" width=\"480\" height=\"352\" frameborder=\"0\" allowfullscreen=\"allowfullscreen\"><\/iframe><\/p>\n<h3 style=\"text-align: center;\">Assumer un humour plein de r\u00e9f\u00e9rences<\/h3>\n<p><iframe loading=\"lazy\" class=\"giphy-embed\" style=\"max-width: 100%;\" src=\"\/\/giphy.com\/embed\/srX6HHTcUdqEg\" width=\"480\" height=\"288\" frameborder=\"0\" allowfullscreen=\"allowfullscreen\"><\/iframe><\/p>\n<h3 style=\"text-align: center;\">Jouer aux jeux vid\u00e9os en toute modestie<\/h3>\n<p><iframe loading=\"lazy\" class=\"giphy-embed\" style=\"max-width: 100%;\" src=\"\/\/giphy.com\/embed\/5ZW6qD4EfnHri\" width=\"480\" height=\"214\" frameborder=\"0\" allowfullscreen=\"allowfullscreen\"><\/iframe><\/p>\n<h3 style=\"text-align: center;\">Faire la danse de la WIN<\/h3>\n<p><iframe loading=\"lazy\" class=\"giphy-embed\" style=\"max-width: 100%;\" src=\"\/\/giphy.com\/embed\/zFZhzuLjKKA2A\" width=\"480\" height=\"195\" frameborder=\"0\" allowfullscreen=\"allowfullscreen\"><\/iframe><\/p>\n<h3 style=\"text-align: center;\">Appr\u00e9cier les choses simples<\/h3>\n<p><iframe loading=\"lazy\" class=\"giphy-embed\" style=\"max-width: 100%;\" src=\"\/\/giphy.com\/embed\/BcXU8SbOKDLpe\" width=\"480\" height=\"284\" frameborder=\"0\" allowfullscreen=\"allowfullscreen\"><\/iframe><\/p>\n<h3 style=\"text-align: center;\">Ou plus sophistiqu\u00e9es<\/h3>\n<p><iframe loading=\"lazy\" class=\"giphy-embed\" style=\"max-width: 100%;\" src=\"\/\/giphy.com\/embed\/8cPN7kMWxxap2\" width=\"480\" height=\"269\" frameborder=\"0\" allowfullscreen=\"allowfullscreen\"><\/iframe><\/p>\n<h3 style=\"text-align: center;\">Etre compl\u00e8tement obnubil\u00e9 par un film des heures apr\u00e8s l&rsquo;avoir vu<\/h3>\n<p><iframe loading=\"lazy\" class=\"giphy-embed\" style=\"max-width: 100%;\" src=\"\/\/giphy.com\/embed\/pSurYTaFDcY4E\" width=\"480\" height=\"259\" frameborder=\"0\" allowfullscreen=\"allowfullscreen\"><\/iframe><\/p>\n<h3 style=\"text-align: center;\">Croiser r\u00e9guli\u00e8rement des stars et \u00eatre toujours aussi fascin\u00e9<\/h3>\n<p><iframe loading=\"lazy\" class=\"giphy-embed\" style=\"max-width: 100%;\" src=\"\/\/giphy.com\/embed\/KlUz2MgBer1zq\" width=\"480\" height=\"204\" frameborder=\"0\" allowfullscreen=\"allowfullscreen\"><\/iframe><\/p>\n<h3 style=\"text-align: center;\">Et les rencontrer \u00e0 des \u00e9v\u00e9nements<\/h3>\n<p><iframe loading=\"lazy\" class=\"giphy-embed\" style=\"max-width: 100%;\" src=\"\/\/giphy.com\/embed\/1XL1heNzoMWSA\" width=\"480\" height=\"259\" frameborder=\"0\" allowfullscreen=\"allowfullscreen\"><\/iframe><\/p>\n<h3 style=\"text-align: center;\">Partager les fins de tournages<\/h3>\n<p><iframe loading=\"lazy\" class=\"giphy-embed\" style=\"max-width: 100%;\" src=\"\/\/giphy.com\/embed\/iRi32D57EHTtm\" width=\"480\" height=\"192\" frameborder=\"0\" allowfullscreen=\"allowfullscreen\"><\/iframe><\/p>\n<h3 style=\"text-align: center;\">Partir dans des d\u00e9lires assum\u00e9s<\/h3>\n<p><iframe loading=\"lazy\" class=\"giphy-embed\" style=\"max-width: 100%;\" src=\"\/\/giphy.com\/embed\/2UonutcVfZCoM\" width=\"480\" height=\"269\" frameborder=\"0\" allowfullscreen=\"allowfullscreen\"><\/iframe><\/p>\n<h3 style=\"text-align: center;\">Surprendre par notre nerdiness<\/h3>\n<p><iframe loading=\"lazy\" class=\"giphy-embed\" style=\"max-width: 100%;\" src=\"\/\/giphy.com\/embed\/8pqAaTAgqjQM8\" width=\"480\" height=\"254\" frameborder=\"0\" allowfullscreen=\"allowfullscreen\"><\/iframe><\/p>\n<h3 style=\"text-align: center;\">Avoir une r\u00e9action tout \u00e0 fait naturelle quand on n&rsquo;a plus d&rsquo;acc\u00e8s Wifi<\/h3>\n<p><iframe loading=\"lazy\" class=\"giphy-embed\" style=\"max-width: 100%;\" src=\"\/\/giphy.com\/embed\/52HjuHsfVO69q\" width=\"480\" height=\"270\" frameborder=\"0\" allowfullscreen=\"allowfullscreen\"><\/iframe><\/p>\n<h3 style=\"text-align: center;\">Oser le challenge et d\u00e9couvrir de nouvelles choses<\/h3>\n<p><iframe loading=\"lazy\" class=\"giphy-embed\" style=\"max-width: 100%;\" src=\"\/\/giphy.com\/embed\/4zEFD8uWYwVO0\" width=\"480\" height=\"192\" frameborder=\"0\" allowfullscreen=\"allowfullscreen\"><\/iframe><\/p>\n<h3 style=\"text-align: center;\">Rester dans l&rsquo;action<\/h3>\n<p><iframe loading=\"lazy\" class=\"giphy-embed\" style=\"max-width: 100%;\" src=\"\/\/giphy.com\/embed\/gwdaEOnRw9fgc\" width=\"480\" height=\"576\" frameborder=\"0\" allowfullscreen=\"allowfullscreen\"><\/iframe><\/p>\n<h3 style=\"text-align: center;\">S&rsquo;exprimer\u2026 m\u00eame en chantant<\/h3>\n<p><iframe loading=\"lazy\" class=\"giphy-embed\" style=\"max-width: 100%;\" src=\"\/\/giphy.com\/embed\/JObxy8QWRuWJi\" width=\"480\" height=\"269\" frameborder=\"0\" allowfullscreen=\"allowfullscreen\"><\/iframe><\/p>\n<h3 style=\"text-align: center;\">Croire en ses chances<\/h3>\n<p><iframe loading=\"lazy\" class=\"giphy-embed\" style=\"max-width: 100%;\" src=\"\/\/giphy.com\/embed\/oAzEHPyMlMHXW\" width=\"480\" height=\"249\" frameborder=\"0\" allowfullscreen=\"allowfullscreen\"><\/iframe><\/p>\n<h3 style=\"text-align: center;\">Assumer le girl power<\/h3>\n<p><iframe loading=\"lazy\" class=\"giphy-embed\" style=\"max-width: 100%;\" src=\"\/\/giphy.com\/embed\/Pdag4PIGsrniw\" width=\"480\" height=\"173\" frameborder=\"0\" allowfullscreen=\"allowfullscreen\"><\/iframe><\/p>\n<h3 style=\"text-align: center;\">Rester toujours motiv\u00e9<\/h3>\n<p><iframe loading=\"lazy\" class=\"giphy-embed\" style=\"max-width: 100%;\" src=\"\/\/giphy.com\/embed\/wUNG3CZkUAAOQ\" width=\"480\" height=\"252\" frameborder=\"0\" allowfullscreen=\"allowfullscreen\"><\/iframe><\/p>\n<h3 style=\"text-align: center;\">Savoir miser sur l&rsquo;improvisation et la spontan\u00e9it\u00e9<\/h3>\n<p><iframe loading=\"lazy\" class=\"giphy-embed\" style=\"max-width: 100%;\" src=\"\/\/giphy.com\/embed\/epB3D5HgphZAc\" width=\"480\" height=\"194\" frameborder=\"0\" allowfullscreen=\"allowfullscreen\"><\/iframe><\/p>\n<h3 style=\"text-align: center;\">Parler constamment en franglais<\/h3>\n<p><iframe loading=\"lazy\" class=\"giphy-embed\" style=\"max-width: 100%;\" src=\"\/\/giphy.com\/embed\/d1hoQ2zNPTJhm\" width=\"480\" height=\"269\" frameborder=\"0\" allowfullscreen=\"allowfullscreen\"><\/iframe><\/p>\n[\/spb_text_block] [\/spb_column] [spb_boxed_content type=\u00a0\u00bbcoloured\u00a0\u00bb padding_vertical=\u00a0\u00bb0&Prime; padding_horizontal=\u00a0\u00bb0&Prime; width=\u00a0\u00bb1\/1&Prime; el_position=\u00a0\u00bbfirst last\u00a0\u00bb]\n<h3 style=\"text-align: center;\"><a href=\"http:\/\/movieguideme.com\/fr\/tag\/100dudechick\/\"><br \/>\n<img loading=\"lazy\" decoding=\"async\" class=\" wp-image-16135 size-full alignleft\" src=\"http:\/\/movieguideme.com\/wp-content\/uploads\/2014\/10\/Movie-Guide-Me-Logo-Dudechick-150x1501.png\" alt=\"Movie-Guide-Me-Logo-Dudechick-150x150\" width=\"150\" height=\"150\" \/><\/a>Dudechick, c&rsquo;est aussi tous les jours sur nos r\u00e9seaux sociaux! Abonnez vous et souscrivez \u00e0 la newsletter pour ne rien manquer!<\/h3>\n[\/spb_boxed_content] [spb_widget_area sidebar_id=\u00a0\u00bbsidebar-8&Prime; width=\u00a0\u00bb1\/2&Prime; el_position=\u00a0\u00bbfirst\u00a0\u00bb] [spb_boxed_content type=\u00a0\u00bbcoloured\u00a0\u00bb padding_vertical=\u00a0\u00bb0&Prime; padding_horizontal=\u00a0\u00bb0&Prime; width=\u00a0\u00bb1\/2&Prime; el_position=\u00a0\u00bblast\u00a0\u00bb]\n<ul class=\"social-icons large \">\n<li class=\"twitter\"><a href=\"http:\/\/www.twitter.com\/movieguidemeFR\" target=\"_blank\"><i class=\"fab fa-twitter\"><\/i><i class=\"fab fa-twitter\"><\/i><\/a><\/li>\n<li class=\"facebook\"><a href=\"https:\/\/www.facebook.com\/movieguideme\" target=\"_blank\"><i class=\"fab fa-facebook\"><\/i><i class=\"fab fa-facebook\"><\/i><\/a><\/li>\n<li class=\"youtube\"><a href=\"http:\/\/www.youtube.com\/user\/movieguideme\/\" target=\"_blank\"><i class=\"fab fa-youtube\"><\/i><i class=\"fab fa-youtube\"><\/i><\/a><\/li>\n<li class=\"linkedin\"><a href=\"https:\/\/www.linkedin.com\/company\/movie-guide-me-a-franco-american-film-association\" target=\"_blank\"><i class=\"fab fa-linkedin\"><\/i><i class=\"fab fa-linkedin\"><\/i><\/a><\/li>\n<li class=\"pinterest\"><a href=\"http:\/\/www.pinterest.com\/movieguideme\/\" target=\"_blank\"><i class=\"fab fa-pinterest\"><\/i><i class=\"fab fa-pinterest\"><\/i><\/a><\/li>\n<li class=\"instagram\"><a href=\"http:\/\/instagram.com\/movieguideme\" target=\"_blank\"><i class=\"fab fa-instagram\"><\/i><i class=\"fab fa-instagram\"><\/i><\/a><\/li>\n<li class=\"rss\"><a href=\"?feed=rss2\" target=\"_blank\"><i class=\"fas fa-rss\"><\/i><i class=\"fas fa-rss\"><\/i><\/a><\/li>\n<\/ul>\n\n[\/spb_boxed_content]\n","protected":false},"excerpt":{"rendered":"<p>[spb_row wrap_type=\u00a0\u00bbcontent-width\u00a0\u00bb row_bg_type=\u00a0\u00bbcolor\u00a0\u00bb bg_type=\u00a0\u00bbcover\u00a0\u00bb parallax_image_height=\u00a0\u00bbcontent-height\u00a0\u00bb parallax_image_movement=\u00a0\u00bbfixed\u00a0\u00bb parallax_image_speed=\u00a0\u00bb0.5&Prime; bg_video_loop=\u00a0\u00bbyes\u00a0\u00bb parallax_video_height=\u00a0\u00bbwindow-height\u00a0\u00bb parallax_video_overlay=\u00a0\u00bbnone\u00a0\u00bb row_overlay_opacity=\u00a0\u00bb0&Prime; row_padding_vertical=\u00a0\u00bb0&Prime; row_margin_vertical=\u00a0\u00bb0&Prime; remove_element_spacing=\u00a0\u00bbyes\u00a0\u00bb vertical_center=\u00a0\u00bbfalse\u00a0\u00bb row_expanding=\u00a0\u00bbno\u00a0\u00bb row_animation=\u00a0\u00bbnone\u00a0\u00bb row_animation_delay=\u00a0\u00bb0&Prime; width=\u00a0\u00bb1\/1&Prime; el_position=\u00a0\u00bbfirst last\u00a0\u00bb] [spb_column width=\u00a0\u00bb1\/2&Prime; el_position=\u00a0\u00bbfirst\u00a0\u00bb] [spb_text_block animation=\u00a0\u00bbnone\u00a0\u00bb animation_delay=\u00a0\u00bb0&Prime; padding_vertical=\u00a0\u00bb0&Prime; padding_horizontal=\u00a0\u00bb4&Prime; width=\u00a0\u00bb1\/1&Prime; el_position=\u00a0\u00bbfirst last\u00a0\u00bb] Dudechick, c&rsquo;est quoi\u00a0exactement? C&rsquo;est une attitude, une fa\u00e7on de penser, une \u00e9nergie, un enthousiasme, un Best Being qui tend vers le positivisme, le partage, l&rsquo;humour tout en assumant [&hellip;]<\/p>\n","protected":false},"author":3,"featured_media":19372,"parent":0,"menu_order":0,"comment_status":"open","ping_status":"closed","template":"","meta":{"footnotes":""},"class_list":["post-19018","page","type-page","status-publish","has-post-thumbnail","hentry"],"_links":{"self":[{"href":"http:\/\/movieguideme.com\/fr\/wp-json\/wp\/v2\/pages\/19018","targetHints":{"allow":["GET"]}}],"collection":[{"href":"http:\/\/movieguideme.com\/fr\/wp-json\/wp\/v2\/pages"}],"about":[{"href":"http:\/\/movieguideme.com\/fr\/wp-json\/wp\/v2\/types\/page"}],"author":[{"embeddable":true,"href":"http:\/\/movieguideme.com\/fr\/wp-json\/wp\/v2\/users\/3"}],"replies":[{"embeddable":true,"href":"http:\/\/movieguideme.com\/fr\/wp-json\/wp\/v2\/comments?post=19018"}],"version-history":[{"count":37,"href":"http:\/\/movieguideme.com\/fr\/wp-json\/wp\/v2\/pages\/19018\/revisions"}],"predecessor-version":[{"id":20370,"href":"http:\/\/movieguideme.com\/fr\/wp-json\/wp\/v2\/pages\/19018\/revisions\/20370"}],"wp:featuredmedia":[{"embeddable":true,"href":"http:\/\/movieguideme.com\/fr\/wp-json\/wp\/v2\/media\/19372"}],"wp:attachment":[{"href":"http:\/\/movieguideme.com\/fr\/wp-json\/wp\/v2\/media?parent=19018"}],"curies":[{"name":"wp","href":"https:\/\/api.w.org\/{rel}","templated":true}]}}